{"id":7342,"date":"2021-11-05T14:15:05","date_gmt":"2021-11-05T12:15:05","guid":{"rendered":"https:\/\/babycool.ee\/?post_type=product&#038;p=7342"},"modified":"2025-08-25T22:28:36","modified_gmt":"2025-08-25T19:28:36","slug":"babycool-kinkekaart-50e","status":"publish","type":"product","link":"https:\/\/babycool.ee\/eng\/tooted\/babycool-kinkekaart-50e\/","title":{"rendered":"BabyCool Gift Card 50 \u20ac"},"content":{"rendered":"","protected":false},"excerpt":{"rendered":"<p>The BabyCool gift card is suitable for anyone who has a small baby at home and he or she is about to start with solid foods or if the world of tastes has already begun \u2764\ufe0f.<\/p>\n<ul>\n<li>When purchasing a gift card, write the e-mail address of the recipient to whom the gift card will be sent.<\/li>\n<li>In the From box, type who is the sender of the gift card (name).<\/li>\n<li>In the Message box you can write your wishes to recipient.<\/li>\n<li>You can select the delivery date - if the message is sent to the recipient immediately with the gift card or select an upcoming date.<\/li>\n<\/ul>\n<p>The gift card is valid in BabyCool <a href=\"https:\/\/babycool.ee\/e-pood\/\">e-poes<\/a> and the gift card code must be entered in the shopping cart or at the checkout where the gift card is inserted. Then press either the \"enter\" button on the keyboard or the \"apply\" button right next to the gift card code entry box.<\/p>\n<p>Kinkekaart kehtib alates ostu p\u00e4evast 360 p\u00e4eva.<\/p>\n<p>If you have any questions regarding the use of the gift card, feel free to write to mariliis@babycool.ee.<\/p>","protected":false},"featured_media":726568,"comment_status":"open","ping_status":"closed","template":"","meta":[],"product_brand":[],"product_cat":[44,48,49,50,65],"product_tag":[],"class_list":{"0":"post-7342","1":"product","2":"type-product","3":"status-publish","4":"has-post-thumbnail","6":"product_cat-4-kuud","7":"product_cat-6-kuud","8":"product_cat-8-kuud","9":"product_cat-9-kuud","10":"product_cat-tarvikud","12":"first","13":"instock","14":"featured","15":"virtual","16":"sold-individually","17":"purchasable","18":"product-type-simple"},"yoast_head":"<!-- This site is optimized with the Yoast SEO plugin v27.2 - https:\/\/yoast.com\/product\/yoast-seo-wordpress\/ -->\n<title>BabyCool kinkekaart 50\u20ac<\/title>\n<meta name=\"description\" content=\"BabyCool kinkekaart sobib kinkida k\u00f5igile, kellel peres \u00fcks pisike tegelane ja ees on lisatoiduga alustamise aeg v\u00f5i kui maitsete maailmaga on juba algust tehtud \u2764\ufe0f.\" \/>\n<meta name=\"robots\" content=\"index, follow, max-snippet:-1, max-image-preview:large, max-video-preview:-1\" \/>\n<link rel=\"canonical\" href=\"https:\/\/babycool.ee\/eng\/tooted\/babycool-kinkekaart-50e\/\" \/>\n<meta property=\"og:locale\" content=\"en_US\" \/>\n<meta property=\"og:type\" content=\"article\" \/>\n<meta property=\"og:title\" content=\"BabyCool kinkekaart 50\u20ac\" \/>\n<meta property=\"og:description\" content=\"BabyCool kinkekaart sobib kinkida k\u00f5igile, kellel peres \u00fcks pisike tegelane ja ees on lisatoiduga alustamise aeg v\u00f5i kui maitsete maailmaga on juba algust tehtud \u2764\ufe0f.\" \/>\n<meta property=\"og:url\" content=\"https:\/\/babycool.ee\/eng\/tooted\/babycool-kinkekaart-50e\/\" \/>\n<meta property=\"og:site_name\" content=\"BabyCool - 100% puhas beebitoit p\u00e4ris loodusest\" \/>\n<meta property=\"article:modified_time\" content=\"2025-08-25T19:28:36+00:00\" \/>\n<meta property=\"og:image\" content=\"https:\/\/babycool.ee\/wp-content\/uploads\/2021\/11\/BabyCool-kinkekaart-50-E-1.jpg\" \/>\n\t<meta property=\"og:image:width\" content=\"1800\" \/>\n\t<meta property=\"og:image:height\" content=\"1200\" \/>\n\t<meta property=\"og:image:type\" content=\"image\/jpeg\" \/>\n<meta name=\"twitter:card\" content=\"summary_large_image\" \/>\n<meta name=\"twitter:label1\" content=\"Est. reading time\" \/>\n\t<meta name=\"twitter:data1\" content=\"1 minute\" \/>\n<script type=\"application\/ld+json\" class=\"yoast-schema-graph\">{\"@context\":\"https:\/\/schema.org\",\"@graph\":[{\"@type\":\"WebPage\",\"@id\":\"https:\/\/babycool.ee\/eng\/tooted\/babycool-kinkekaart-50e\/\",\"url\":\"https:\/\/babycool.ee\/eng\/tooted\/babycool-kinkekaart-50e\/\",\"name\":\"BabyCool kinkekaart 50\u20ac\",\"isPartOf\":{\"@id\":\"https:\/\/babycool.ee\/eng\/#website\"},\"primaryImageOfPage\":{\"@id\":\"https:\/\/babycool.ee\/eng\/tooted\/babycool-kinkekaart-50e\/#primaryimage\"},\"image\":{\"@id\":\"https:\/\/babycool.ee\/eng\/tooted\/babycool-kinkekaart-50e\/#primaryimage\"},\"thumbnailUrl\":\"https:\/\/babycool.ee\/wp-content\/uploads\/2021\/11\/BabyCool-kinkekaart-50-E-1.jpg\",\"datePublished\":\"2021-11-05T12:15:05+00:00\",\"dateModified\":\"2025-08-25T19:28:36+00:00\",\"description\":\"BabyCool kinkekaart sobib kinkida k\u00f5igile, kellel peres \u00fcks pisike tegelane ja ees on lisatoiduga alustamise aeg v\u00f5i kui maitsete maailmaga on juba algust tehtud \u2764\ufe0f.\",\"breadcrumb\":{\"@id\":\"https:\/\/babycool.ee\/eng\/tooted\/babycool-kinkekaart-50e\/#breadcrumb\"},\"inLanguage\":\"en-US\",\"potentialAction\":[{\"@type\":\"ReadAction\",\"target\":[\"https:\/\/babycool.ee\/eng\/tooted\/babycool-kinkekaart-50e\/\"]}]},{\"@type\":\"ImageObject\",\"inLanguage\":\"en-US\",\"@id\":\"https:\/\/babycool.ee\/eng\/tooted\/babycool-kinkekaart-50e\/#primaryimage\",\"url\":\"https:\/\/babycool.ee\/wp-content\/uploads\/2021\/11\/BabyCool-kinkekaart-50-E-1.jpg\",\"contentUrl\":\"https:\/\/babycool.ee\/wp-content\/uploads\/2021\/11\/BabyCool-kinkekaart-50-E-1.jpg\",\"width\":1800,\"height\":1200,\"caption\":\"BabyCool kinkekaart 50 \u20ac (1)\"},{\"@type\":\"BreadcrumbList\",\"@id\":\"https:\/\/babycool.ee\/eng\/tooted\/babycool-kinkekaart-50e\/#breadcrumb\",\"itemListElement\":[{\"@type\":\"ListItem\",\"position\":1,\"name\":\"Home\",\"item\":\"https:\/\/babycool.ee\/babycool-2\/\"},{\"@type\":\"ListItem\",\"position\":2,\"name\":\"BabyCool kinkekaart 50\u20ac\"}]},{\"@type\":\"WebSite\",\"@id\":\"https:\/\/babycool.ee\/eng\/#website\",\"url\":\"https:\/\/babycool.ee\/eng\/\",\"name\":\"BabyCool - 100% puhas beebitoit p\u00e4ris loodusest\",\"description\":\"J\u00e4rjekordne WordPressi veebileht\",\"publisher\":{\"@id\":\"https:\/\/babycool.ee\/eng\/#organization\"},\"potentialAction\":[{\"@type\":\"SearchAction\",\"target\":{\"@type\":\"EntryPoint\",\"urlTemplate\":\"https:\/\/babycool.ee\/eng\/?s={search_term_string}\"},\"query-input\":{\"@type\":\"PropertyValueSpecification\",\"valueRequired\":true,\"valueName\":\"search_term_string\"}}],\"inLanguage\":\"en-US\"},{\"@type\":\"Organization\",\"@id\":\"https:\/\/babycool.ee\/eng\/#organization\",\"name\":\"Babycool\",\"url\":\"https:\/\/babycool.ee\/eng\/\",\"logo\":{\"@type\":\"ImageObject\",\"inLanguage\":\"en-US\",\"@id\":\"https:\/\/babycool.ee\/eng\/#\/schema\/logo\/image\/\",\"url\":\"https:\/\/babycool.ee\/wp-content\/uploads\/2020\/09\/babycool-ee-logo-1.jpg\",\"contentUrl\":\"https:\/\/babycool.ee\/wp-content\/uploads\/2020\/09\/babycool-ee-logo-1.jpg\",\"width\":200,\"height\":199,\"caption\":\"Babycool\"},\"image\":{\"@id\":\"https:\/\/babycool.ee\/eng\/#\/schema\/logo\/image\/\"}}]}<\/script>\n<!-- \/ Yoast SEO plugin. -->","yoast_head_json":{"title":"BabyCool Gift Card 50 \u20ac","description":"The BabyCool gift card is suitable for anyone who has a small baby at home and he or she is about to start with solid foods or if the world of tastes has already begun \u2764\ufe0f.","robots":{"index":"index","follow":"follow","max-snippet":"max-snippet:-1","max-image-preview":"max-image-preview:large","max-video-preview":"max-video-preview:-1"},"canonical":"https:\/\/babycool.ee\/eng\/tooted\/babycool-kinkekaart-50e\/","og_locale":"en_US","og_type":"article","og_title":"BabyCool kinkekaart 50\u20ac","og_description":"BabyCool kinkekaart sobib kinkida k\u00f5igile, kellel peres \u00fcks pisike tegelane ja ees on lisatoiduga alustamise aeg v\u00f5i kui maitsete maailmaga on juba algust tehtud \u2764\ufe0f.","og_url":"https:\/\/babycool.ee\/eng\/tooted\/babycool-kinkekaart-50e\/","og_site_name":"BabyCool - 100% puhas beebitoit p\u00e4ris loodusest","article_modified_time":"2025-08-25T19:28:36+00:00","og_image":[{"width":1800,"height":1200,"url":"https:\/\/babycool.ee\/wp-content\/uploads\/2021\/11\/BabyCool-kinkekaart-50-E-1.jpg","type":"image\/jpeg"}],"twitter_card":"summary_large_image","twitter_misc":{"Est. reading time":"1 minute"},"schema":{"@context":"https:\/\/schema.org","@graph":[{"@type":"WebPage","@id":"https:\/\/babycool.ee\/eng\/tooted\/babycool-kinkekaart-50e\/","url":"https:\/\/babycool.ee\/eng\/tooted\/babycool-kinkekaart-50e\/","name":"BabyCool Gift Card 50 \u20ac","isPartOf":{"@id":"https:\/\/babycool.ee\/eng\/#website"},"primaryImageOfPage":{"@id":"https:\/\/babycool.ee\/eng\/tooted\/babycool-kinkekaart-50e\/#primaryimage"},"image":{"@id":"https:\/\/babycool.ee\/eng\/tooted\/babycool-kinkekaart-50e\/#primaryimage"},"thumbnailUrl":"https:\/\/babycool.ee\/wp-content\/uploads\/2021\/11\/BabyCool-kinkekaart-50-E-1.jpg","datePublished":"2021-11-05T12:15:05+00:00","dateModified":"2025-08-25T19:28:36+00:00","description":"The BabyCool gift card is suitable for anyone who has a small baby at home and he or she is about to start with solid foods or if the world of tastes has already begun \u2764\ufe0f.","breadcrumb":{"@id":"https:\/\/babycool.ee\/eng\/tooted\/babycool-kinkekaart-50e\/#breadcrumb"},"inLanguage":"en-US","potentialAction":[{"@type":"ReadAction","target":["https:\/\/babycool.ee\/eng\/tooted\/babycool-kinkekaart-50e\/"]}]},{"@type":"ImageObject","inLanguage":"en-US","@id":"https:\/\/babycool.ee\/eng\/tooted\/babycool-kinkekaart-50e\/#primaryimage","url":"https:\/\/babycool.ee\/wp-content\/uploads\/2021\/11\/BabyCool-kinkekaart-50-E-1.jpg","contentUrl":"https:\/\/babycool.ee\/wp-content\/uploads\/2021\/11\/BabyCool-kinkekaart-50-E-1.jpg","width":1800,"height":1200,"caption":"BabyCool kinkekaart 50 \u20ac (1)"},{"@type":"BreadcrumbList","@id":"https:\/\/babycool.ee\/eng\/tooted\/babycool-kinkekaart-50e\/#breadcrumb","itemListElement":[{"@type":"ListItem","position":1,"name":"Home","item":"https:\/\/babycool.ee\/babycool-2\/"},{"@type":"ListItem","position":2,"name":"BabyCool kinkekaart 50\u20ac"}]},{"@type":"WebSite","@id":"https:\/\/babycool.ee\/eng\/#website","url":"https:\/\/babycool.ee\/eng\/","name":"BabyCool - 100% puhas beebitoit p\u00e4ris loodusest","description":"J\u00e4rjekordne WordPressi veebileht","publisher":{"@id":"https:\/\/babycool.ee\/eng\/#organization"},"potentialAction":[{"@type":"SearchAction","target":{"@type":"EntryPoint","urlTemplate":"https:\/\/babycool.ee\/eng\/?s={search_term_string}"},"query-input":{"@type":"PropertyValueSpecification","valueRequired":true,"valueName":"search_term_string"}}],"inLanguage":"en-US"},{"@type":"Organization","@id":"https:\/\/babycool.ee\/eng\/#organization","name":"Babycool","url":"https:\/\/babycool.ee\/eng\/","logo":{"@type":"ImageObject","inLanguage":"en-US","@id":"https:\/\/babycool.ee\/eng\/#\/schema\/logo\/image\/","url":"https:\/\/babycool.ee\/wp-content\/uploads\/2020\/09\/babycool-ee-logo-1.jpg","contentUrl":"https:\/\/babycool.ee\/wp-content\/uploads\/2020\/09\/babycool-ee-logo-1.jpg","width":200,"height":199,"caption":"Babycool"},"image":{"@id":"https:\/\/babycool.ee\/eng\/#\/schema\/logo\/image\/"}}]}},"_links":{"self":[{"href":"https:\/\/babycool.ee\/eng\/wp-json\/wp\/v2\/product\/7342","targetHints":{"allow":["GET"]}}],"collection":[{"href":"https:\/\/babycool.ee\/eng\/wp-json\/wp\/v2\/product"}],"about":[{"href":"https:\/\/babycool.ee\/eng\/wp-json\/wp\/v2\/types\/product"}],"replies":[{"embeddable":true,"href":"https:\/\/babycool.ee\/eng\/wp-json\/wp\/v2\/comments?post=7342"}],"version-history":[{"count":3,"href":"https:\/\/babycool.ee\/eng\/wp-json\/wp\/v2\/product\/7342\/revisions"}],"predecessor-version":[{"id":726569,"href":"https:\/\/babycool.ee\/eng\/wp-json\/wp\/v2\/product\/7342\/revisions\/726569"}],"wp:featuredmedia":[{"embeddable":true,"href":"https:\/\/babycool.ee\/eng\/wp-json\/wp\/v2\/media\/726568"}],"wp:attachment":[{"href":"https:\/\/babycool.ee\/eng\/wp-json\/wp\/v2\/media?parent=7342"}],"wp:term":[{"taxonomy":"product_brand","embeddable":true,"href":"https:\/\/babycool.ee\/eng\/wp-json\/wp\/v2\/product_brand?post=7342"},{"taxonomy":"product_cat","embeddable":true,"href":"https:\/\/babycool.ee\/eng\/wp-json\/wp\/v2\/product_cat?post=7342"},{"taxonomy":"product_tag","embeddable":true,"href":"https:\/\/babycool.ee\/eng\/wp-json\/wp\/v2\/product_tag?post=7342"}],"curies":[{"name":"wp","href":"https:\/\/api.w.org\/{rel}","templated":true}]}}