{"id":731996,"date":"2025-05-23T18:40:27","date_gmt":"2025-05-23T15:40:27","guid":{"rendered":"https:\/\/babycool.ee\/?post_type=product&#038;p=731996"},"modified":"2026-04-15T18:32:20","modified_gmt":"2026-04-15T15:32:20","slug":"sugavkulmutatud-pirnipuree-kuubikud-pakkumine","status":"publish","type":"product","link":"https:\/\/babycool.ee\/eng\/tooted\/sugavkulmutatud-pirnipuree-kuubikud-pakkumine\/","title":{"rendered":"S\u00fcgavk\u00fclmutatud pirnip\u00fcree kuubikud pakkumine"},"content":{"rendered":"<p>Nutritional value per 100g:<\/p>\n<table width=\"100%\">\n<tbody>\n<tr>\n<td>Energy<\/td>\n<td>244kJ\/57,6kcal<\/td>\n<\/tr>\n<tr>\n<td>Fat,<br \/>\nof which saturated fatty acids<\/td>\n<td>0,2g<br \/>\n0,0g<\/td>\n<\/tr>\n<tr>\n<td>Carbohydrates,<br \/>\nof which sugars*<\/td>\n<td>12,3g<br \/>\n9,3g<\/td>\n<\/tr>\n<tr>\n<td>Protein<\/td>\n<td>0,6g<\/td>\n<\/tr>\n<tr>\n<td>Sool<\/td>\n<td>0g<\/td>\n<\/tr>\n<\/tbody>\n<\/table>\n<p>No added sugar. The sugar content corresponds to natural composition.<\/p>\n<p><strong>Frozen product, store in the freezer. Requires defrosting and heating. After defrosting and heating, consume immediately, do not re-freeze or reheat.<\/strong><\/p>\n<p>This product is gluten and lactose free. May contain smaller pieces. Different BabyCool cubes can be combined.<\/p>","protected":false},"excerpt":{"rendered":"<p><strong>Frozen pear puree cubes 200g (baby food 4+ months).<\/strong><\/p>\n<p>&nbsp;<\/p>\n<p><strong>Parim enne 03-13.04.2026a!<\/strong><\/p>\n<p>&nbsp;<\/p>\n<p>The 200g package contains 11-12 cubes, the average weight of a cube is 16-20g depending on the shape.<\/p>\n<p><strong>Ingredients: organic pear 100%.<\/strong><\/p>\n<p>Raw materials <strong>mahe ja eestimaine! <\/strong><\/p>\n<p><strong>Toode on tunnustatud <a href=\"https:\/\/allergialiit.ee\/\">Eesti Allergialiidu<\/a> poolt.<\/strong><\/p>\n<p>The color of the pear puree cubes can vary - depending on the variety of pears used for puree.<\/p>\n<p>&nbsp;<\/p>","protected":false},"featured_media":731997,"comment_status":"open","ping_status":"closed","template":"","meta":[],"product_brand":[],"product_cat":[44],"product_tag":[],"class_list":{"0":"post-731996","1":"product","2":"type-product","3":"status-publish","4":"has-post-thumbnail","6":"product_cat-4-kuud","8":"first","9":"instock","10":"sale","11":"featured","12":"taxable","13":"shipping-taxable","14":"purchasable","15":"product-type-simple"},"yoast_head":"<!-- This site is optimized with the Yoast SEO plugin v27.4 - https:\/\/yoast.com\/product\/yoast-seo-wordpress\/ -->\n<title>S\u00fcgavk\u00fclmutatud pirnip\u00fcree kuubikud pakkumine - Babycool<\/title>\n<meta name=\"description\" content=\"1 = 2 pakkumine! S\u00fcgavk\u00fclmutatud pirnip\u00fcree kuubikud 200g (beebitoit 4+ kuud). 200g pakendis on 11-12 kuubikut, keskmine kuubiku kaal s\u00f5ltuvalt kujust 16-20g.\" \/>\n<meta name=\"robots\" content=\"index, follow, max-snippet:-1, max-image-preview:large, max-video-preview:-1\" \/>\n<link rel=\"canonical\" href=\"https:\/\/babycool.ee\/eng\/tooted\/sugavkulmutatud-pirnipuree-kuubikud-pakkumine\/\" \/>\n<meta property=\"og:locale\" content=\"en_US\" \/>\n<meta property=\"og:type\" content=\"article\" \/>\n<meta property=\"og:title\" content=\"S\u00fcgavk\u00fclmutatud pirnip\u00fcree kuubikud pakkumine - Babycool\" \/>\n<meta property=\"og:description\" content=\"1 = 2 pakkumine! S\u00fcgavk\u00fclmutatud pirnip\u00fcree kuubikud 200g (beebitoit 4+ kuud). 200g pakendis on 11-12 kuubikut, keskmine kuubiku kaal s\u00f5ltuvalt kujust 16-20g.\" \/>\n<meta property=\"og:url\" content=\"https:\/\/babycool.ee\/eng\/tooted\/sugavkulmutatud-pirnipuree-kuubikud-pakkumine\/\" \/>\n<meta property=\"og:site_name\" content=\"BabyCool - 100% puhas beebitoit p\u00e4ris loodusest\" \/>\n<meta property=\"article:modified_time\" content=\"2026-04-15T15:32:20+00:00\" \/>\n<meta property=\"og:image\" content=\"https:\/\/babycool.ee\/wp-content\/uploads\/2025\/05\/Pirnipuree-kuubikud-pakkumin-12-2.jpg\" \/>\n\t<meta property=\"og:image:width\" content=\"1080\" \/>\n\t<meta property=\"og:image:height\" content=\"1350\" \/>\n\t<meta property=\"og:image:type\" content=\"image\/jpeg\" \/>\n<meta name=\"twitter:card\" content=\"summary_large_image\" \/>\n<meta name=\"twitter:label1\" content=\"Est. reading time\" \/>\n\t<meta name=\"twitter:data1\" content=\"1 minute\" \/>\n<script type=\"application\/ld+json\" class=\"yoast-schema-graph\">{\"@context\":\"https:\\\/\\\/schema.org\",\"@graph\":[{\"@type\":\"WebPage\",\"@id\":\"https:\\\/\\\/babycool.ee\\\/eng\\\/tooted\\\/sugavkulmutatud-pirnipuree-kuubikud-pakkumine\\\/\",\"url\":\"https:\\\/\\\/babycool.ee\\\/eng\\\/tooted\\\/sugavkulmutatud-pirnipuree-kuubikud-pakkumine\\\/\",\"name\":\"S\u00fcgavk\u00fclmutatud pirnip\u00fcree kuubikud pakkumine - Babycool\",\"isPartOf\":{\"@id\":\"https:\\\/\\\/babycool.ee\\\/eng\\\/#website\"},\"primaryImageOfPage\":{\"@id\":\"https:\\\/\\\/babycool.ee\\\/eng\\\/tooted\\\/sugavkulmutatud-pirnipuree-kuubikud-pakkumine\\\/#primaryimage\"},\"image\":{\"@id\":\"https:\\\/\\\/babycool.ee\\\/eng\\\/tooted\\\/sugavkulmutatud-pirnipuree-kuubikud-pakkumine\\\/#primaryimage\"},\"thumbnailUrl\":\"https:\\\/\\\/babycool.ee\\\/wp-content\\\/uploads\\\/2025\\\/05\\\/Pirnipuree-kuubikud-pakkumin-12-2.jpg\",\"datePublished\":\"2025-05-23T15:40:27+00:00\",\"dateModified\":\"2026-04-15T15:32:20+00:00\",\"description\":\"1 = 2 pakkumine! S\u00fcgavk\u00fclmutatud pirnip\u00fcree kuubikud 200g (beebitoit 4+ kuud). 200g pakendis on 11-12 kuubikut, keskmine kuubiku kaal s\u00f5ltuvalt kujust 16-20g.\",\"breadcrumb\":{\"@id\":\"https:\\\/\\\/babycool.ee\\\/eng\\\/tooted\\\/sugavkulmutatud-pirnipuree-kuubikud-pakkumine\\\/#breadcrumb\"},\"inLanguage\":\"en-US\",\"potentialAction\":[{\"@type\":\"ReadAction\",\"target\":[\"https:\\\/\\\/babycool.ee\\\/eng\\\/tooted\\\/sugavkulmutatud-pirnipuree-kuubikud-pakkumine\\\/\"]}]},{\"@type\":\"ImageObject\",\"inLanguage\":\"en-US\",\"@id\":\"https:\\\/\\\/babycool.ee\\\/eng\\\/tooted\\\/sugavkulmutatud-pirnipuree-kuubikud-pakkumine\\\/#primaryimage\",\"url\":\"https:\\\/\\\/babycool.ee\\\/wp-content\\\/uploads\\\/2025\\\/05\\\/Pirnipuree-kuubikud-pakkumin-12-2.jpg\",\"contentUrl\":\"https:\\\/\\\/babycool.ee\\\/wp-content\\\/uploads\\\/2025\\\/05\\\/Pirnipuree-kuubikud-pakkumin-12-2.jpg\",\"width\":1080,\"height\":1350,\"caption\":\"Pirnip\u00fcree kuubikud pakkumine BabyCool\"},{\"@type\":\"BreadcrumbList\",\"@id\":\"https:\\\/\\\/babycool.ee\\\/eng\\\/tooted\\\/sugavkulmutatud-pirnipuree-kuubikud-pakkumine\\\/#breadcrumb\",\"itemListElement\":[{\"@type\":\"ListItem\",\"position\":1,\"name\":\"Home\",\"item\":\"https:\\\/\\\/babycool.ee\\\/babycool-2\\\/\"},{\"@type\":\"ListItem\",\"position\":2,\"name\":\"S\u00fcgavk\u00fclmutatud pirnip\u00fcree kuubikud pakkumine\"}]},{\"@type\":\"WebSite\",\"@id\":\"https:\\\/\\\/babycool.ee\\\/eng\\\/#website\",\"url\":\"https:\\\/\\\/babycool.ee\\\/eng\\\/\",\"name\":\"BabyCool - 100% puhas beebitoit p\u00e4ris loodusest\",\"description\":\"J\u00e4rjekordne WordPressi veebileht\",\"publisher\":{\"@id\":\"https:\\\/\\\/babycool.ee\\\/eng\\\/#organization\"},\"potentialAction\":[{\"@type\":\"SearchAction\",\"target\":{\"@type\":\"EntryPoint\",\"urlTemplate\":\"https:\\\/\\\/babycool.ee\\\/eng\\\/?s={search_term_string}\"},\"query-input\":{\"@type\":\"PropertyValueSpecification\",\"valueRequired\":true,\"valueName\":\"search_term_string\"}}],\"inLanguage\":\"en-US\"},{\"@type\":\"Organization\",\"@id\":\"https:\\\/\\\/babycool.ee\\\/eng\\\/#organization\",\"name\":\"Babycool\",\"url\":\"https:\\\/\\\/babycool.ee\\\/eng\\\/\",\"logo\":{\"@type\":\"ImageObject\",\"inLanguage\":\"en-US\",\"@id\":\"https:\\\/\\\/babycool.ee\\\/eng\\\/#\\\/schema\\\/logo\\\/image\\\/\",\"url\":\"https:\\\/\\\/babycool.ee\\\/wp-content\\\/uploads\\\/2020\\\/09\\\/babycool-ee-logo-1.jpg\",\"contentUrl\":\"https:\\\/\\\/babycool.ee\\\/wp-content\\\/uploads\\\/2020\\\/09\\\/babycool-ee-logo-1.jpg\",\"width\":200,\"height\":199,\"caption\":\"Babycool\"},\"image\":{\"@id\":\"https:\\\/\\\/babycool.ee\\\/eng\\\/#\\\/schema\\\/logo\\\/image\\\/\"}}]}<\/script>\n<!-- \/ Yoast SEO plugin. -->","yoast_head_json":{"title":"S\u00fcgavk\u00fclmutatud pirnip\u00fcree kuubikud pakkumine - Babycool","description":"1 = 2 pakkumine! S\u00fcgavk\u00fclmutatud pirnip\u00fcree kuubikud 200g (beebitoit 4+ kuud). 200g pakendis on 11-12 kuubikut, keskmine kuubiku kaal s\u00f5ltuvalt kujust 16-20g.","robots":{"index":"index","follow":"follow","max-snippet":"max-snippet:-1","max-image-preview":"max-image-preview:large","max-video-preview":"max-video-preview:-1"},"canonical":"https:\/\/babycool.ee\/eng\/tooted\/sugavkulmutatud-pirnipuree-kuubikud-pakkumine\/","og_locale":"en_US","og_type":"article","og_title":"S\u00fcgavk\u00fclmutatud pirnip\u00fcree kuubikud pakkumine - Babycool","og_description":"1 = 2 pakkumine! S\u00fcgavk\u00fclmutatud pirnip\u00fcree kuubikud 200g (beebitoit 4+ kuud). 200g pakendis on 11-12 kuubikut, keskmine kuubiku kaal s\u00f5ltuvalt kujust 16-20g.","og_url":"https:\/\/babycool.ee\/eng\/tooted\/sugavkulmutatud-pirnipuree-kuubikud-pakkumine\/","og_site_name":"BabyCool - 100% puhas beebitoit p\u00e4ris loodusest","article_modified_time":"2026-04-15T15:32:20+00:00","og_image":[{"width":1080,"height":1350,"url":"https:\/\/babycool.ee\/wp-content\/uploads\/2025\/05\/Pirnipuree-kuubikud-pakkumin-12-2.jpg","type":"image\/jpeg"}],"twitter_card":"summary_large_image","twitter_misc":{"Est. reading time":"1 minute"},"schema":{"@context":"https:\/\/schema.org","@graph":[{"@type":"WebPage","@id":"https:\/\/babycool.ee\/eng\/tooted\/sugavkulmutatud-pirnipuree-kuubikud-pakkumine\/","url":"https:\/\/babycool.ee\/eng\/tooted\/sugavkulmutatud-pirnipuree-kuubikud-pakkumine\/","name":"S\u00fcgavk\u00fclmutatud pirnip\u00fcree kuubikud pakkumine - Babycool","isPartOf":{"@id":"https:\/\/babycool.ee\/eng\/#website"},"primaryImageOfPage":{"@id":"https:\/\/babycool.ee\/eng\/tooted\/sugavkulmutatud-pirnipuree-kuubikud-pakkumine\/#primaryimage"},"image":{"@id":"https:\/\/babycool.ee\/eng\/tooted\/sugavkulmutatud-pirnipuree-kuubikud-pakkumine\/#primaryimage"},"thumbnailUrl":"https:\/\/babycool.ee\/wp-content\/uploads\/2025\/05\/Pirnipuree-kuubikud-pakkumin-12-2.jpg","datePublished":"2025-05-23T15:40:27+00:00","dateModified":"2026-04-15T15:32:20+00:00","description":"1 = 2 pakkumine! S\u00fcgavk\u00fclmutatud pirnip\u00fcree kuubikud 200g (beebitoit 4+ kuud). 200g pakendis on 11-12 kuubikut, keskmine kuubiku kaal s\u00f5ltuvalt kujust 16-20g.","breadcrumb":{"@id":"https:\/\/babycool.ee\/eng\/tooted\/sugavkulmutatud-pirnipuree-kuubikud-pakkumine\/#breadcrumb"},"inLanguage":"en-US","potentialAction":[{"@type":"ReadAction","target":["https:\/\/babycool.ee\/eng\/tooted\/sugavkulmutatud-pirnipuree-kuubikud-pakkumine\/"]}]},{"@type":"ImageObject","inLanguage":"en-US","@id":"https:\/\/babycool.ee\/eng\/tooted\/sugavkulmutatud-pirnipuree-kuubikud-pakkumine\/#primaryimage","url":"https:\/\/babycool.ee\/wp-content\/uploads\/2025\/05\/Pirnipuree-kuubikud-pakkumin-12-2.jpg","contentUrl":"https:\/\/babycool.ee\/wp-content\/uploads\/2025\/05\/Pirnipuree-kuubikud-pakkumin-12-2.jpg","width":1080,"height":1350,"caption":"Pirnip\u00fcree kuubikud pakkumine BabyCool"},{"@type":"BreadcrumbList","@id":"https:\/\/babycool.ee\/eng\/tooted\/sugavkulmutatud-pirnipuree-kuubikud-pakkumine\/#breadcrumb","itemListElement":[{"@type":"ListItem","position":1,"name":"Home","item":"https:\/\/babycool.ee\/babycool-2\/"},{"@type":"ListItem","position":2,"name":"S\u00fcgavk\u00fclmutatud pirnip\u00fcree kuubikud pakkumine"}]},{"@type":"WebSite","@id":"https:\/\/babycool.ee\/eng\/#website","url":"https:\/\/babycool.ee\/eng\/","name":"BabyCool - 100% puhas beebitoit p\u00e4ris loodusest","description":"J\u00e4rjekordne WordPressi veebileht","publisher":{"@id":"https:\/\/babycool.ee\/eng\/#organization"},"potentialAction":[{"@type":"SearchAction","target":{"@type":"EntryPoint","urlTemplate":"https:\/\/babycool.ee\/eng\/?s={search_term_string}"},"query-input":{"@type":"PropertyValueSpecification","valueRequired":true,"valueName":"search_term_string"}}],"inLanguage":"en-US"},{"@type":"Organization","@id":"https:\/\/babycool.ee\/eng\/#organization","name":"Babycool","url":"https:\/\/babycool.ee\/eng\/","logo":{"@type":"ImageObject","inLanguage":"en-US","@id":"https:\/\/babycool.ee\/eng\/#\/schema\/logo\/image\/","url":"https:\/\/babycool.ee\/wp-content\/uploads\/2020\/09\/babycool-ee-logo-1.jpg","contentUrl":"https:\/\/babycool.ee\/wp-content\/uploads\/2020\/09\/babycool-ee-logo-1.jpg","width":200,"height":199,"caption":"Babycool"},"image":{"@id":"https:\/\/babycool.ee\/eng\/#\/schema\/logo\/image\/"}}]}},"_links":{"self":[{"href":"https:\/\/babycool.ee\/eng\/wp-json\/wp\/v2\/product\/731996","targetHints":{"allow":["GET"]}}],"collection":[{"href":"https:\/\/babycool.ee\/eng\/wp-json\/wp\/v2\/product"}],"about":[{"href":"https:\/\/babycool.ee\/eng\/wp-json\/wp\/v2\/types\/product"}],"replies":[{"embeddable":true,"href":"https:\/\/babycool.ee\/eng\/wp-json\/wp\/v2\/comments?post=731996"}],"version-history":[{"count":3,"href":"https:\/\/babycool.ee\/eng\/wp-json\/wp\/v2\/product\/731996\/revisions"}],"predecessor-version":[{"id":733002,"href":"https:\/\/babycool.ee\/eng\/wp-json\/wp\/v2\/product\/731996\/revisions\/733002"}],"wp:featuredmedia":[{"embeddable":true,"href":"https:\/\/babycool.ee\/eng\/wp-json\/wp\/v2\/media\/731997"}],"wp:attachment":[{"href":"https:\/\/babycool.ee\/eng\/wp-json\/wp\/v2\/media?parent=731996"}],"wp:term":[{"taxonomy":"product_brand","embeddable":true,"href":"https:\/\/babycool.ee\/eng\/wp-json\/wp\/v2\/product_brand?post=731996"},{"taxonomy":"product_cat","embeddable":true,"href":"https:\/\/babycool.ee\/eng\/wp-json\/wp\/v2\/product_cat?post=731996"},{"taxonomy":"product_tag","embeddable":true,"href":"https:\/\/babycool.ee\/eng\/wp-json\/wp\/v2\/product_tag?post=731996"}],"curies":[{"name":"wp","href":"https:\/\/api.w.org\/{rel}","templated":true}]}}