{"id":729998,"date":"2024-04-29T09:14:20","date_gmt":"2024-04-29T06:14:20","guid":{"rendered":"https:\/\/babycool.ee\/?post_type=product&#038;p=729998"},"modified":"2025-09-25T12:28:28","modified_gmt":"2025-09-25T09:28:28","slug":"sugavkulmutatud-toortatra-nuikapsapuree-kuubikud","status":"publish","type":"product","link":"https:\/\/babycool.ee\/eng\/tooted\/sugavkulmutatud-toortatra-nuikapsapuree-kuubikud\/","title":{"rendered":"S\u00fcgavk\u00fclmutatud toortatra-nuikapsap\u00fcree kuubikud 200g"},"content":{"rendered":"<p>Nutritional value per 100g:<\/p>\n<p>&nbsp;<\/p>\n<table width=\"100%\">\n<tbody>\n<tr>\n<td>Energy<\/td>\n<td>376kJ\/89kcal<\/td>\n<\/tr>\n<tr>\n<td>Fat,<br \/>\nof which saturated fatty acids<\/td>\n<td>0,5g<br \/>\n0,1g<\/td>\n<\/tr>\n<tr>\n<td>Carbohydrates,<br \/>\nof which sugars*<\/td>\n<td>17,9g<br \/>\n1,2g<\/td>\n<\/tr>\n<tr>\n<td>Protein<\/td>\n<td>3,1g<\/td>\n<\/tr>\n<tr>\n<td>Sool<\/td>\n<td>0g<\/td>\n<\/tr>\n<\/tbody>\n<\/table>\n<p>&nbsp;<\/p>\n<p>No added sugar. The sugar content corresponds to natural composition.<\/p>\n<p><strong>Frozen product, store in the freezer. Requires defrosting and heating. After defrosting and heating, consume immediately, do not re-freeze or reheat.<\/strong><\/p>\n<p>Toode on gluteeni- ja laktoosivaba. Sisaldab v\u00e4iksemaid t\u00fckke. Erinevaid BabyCool kuubikuid v\u00f5ib omavahel kokku sobitada.<\/p>","protected":false},"excerpt":{"rendered":"<p><strong>S\u00fcgavk\u00fclmutatud toortatra-nuikapsap\u00fcree kuubikud 200g (beebitoit 7+ kuud).<\/strong><\/p>\n<p>The 200g package contains 11-12 cubes, the average weight of a cube is 16-20g depending on the shape.<\/p>\n<p><strong>Ingredients:<\/strong> vesi, mahe toortatar 17% (tang), mahe nuikapsap\u00fcree 15% (mahe nuikapsas 80%, vesi 20%)<\/p>\n<p>Raw materials <strong>mahe ja eestimaine!<\/strong><\/p>\n<p>Kasutamine: Sulata ning kuumuta ja sega korralikult l\u00e4bi, et j\u00e4\u00e4ks pehme pudrutaoline mass. Soovitame kombineerida teiste BabyCool kuubikutega. Peale sulatamist ja soojendamist tarbida koheselt, uuesti mitte k\u00fclmutada ega soojendada. Toode sisaldab v\u00e4iksemaid t\u00fckke ning sobib p\u00fcreele paksema ja t\u00fckilisema tekstuuri andmiseks.<\/p>\n<p>Retsepti idee leiad <a href=\"https:\/\/babycool.ee\/uudised\/babycool-toortatra-nuikapapuree-repsept\/\">SIIT!<\/a><\/p>","protected":false},"featured_media":730113,"comment_status":"open","ping_status":"closed","template":"","meta":[],"product_brand":[],"product_cat":[256],"product_tag":[],"class_list":{"0":"post-729998","1":"product","2":"type-product","3":"status-publish","4":"has-post-thumbnail","6":"product_cat-7-kuud","8":"first","9":"instock","10":"featured","11":"taxable","12":"shipping-taxable","13":"purchasable","14":"product-type-simple"},"yoast_head":"<!-- This site is optimized with the Yoast SEO plugin v27.2 - https:\/\/yoast.com\/product\/yoast-seo-wordpress\/ -->\n<title>S\u00fcgavk\u00fclmutatud toortatra-nuikapsap\u00fcree kuubikud 200g<\/title>\n<meta name=\"description\" content=\"S\u00fcgavk\u00fclmutatud toortatra-nuikapsap\u00fcree kuubikud 200g (beebitoit 7+ kuud). 200g pakendis on 11-12 kuubikut, keskmine kuubiku kaal s\u00f5ltuvalt kujust 16-20g.\" \/>\n<meta name=\"robots\" content=\"index, follow, max-snippet:-1, max-image-preview:large, max-video-preview:-1\" \/>\n<link rel=\"canonical\" href=\"https:\/\/babycool.ee\/eng\/tooted\/sugavkulmutatud-toortatra-nuikapsapuree-kuubikud\/\" \/>\n<meta property=\"og:locale\" content=\"en_US\" \/>\n<meta property=\"og:type\" content=\"article\" \/>\n<meta property=\"og:title\" content=\"S\u00fcgavk\u00fclmutatud toortatra-nuikapsap\u00fcree kuubikud 200g\" \/>\n<meta property=\"og:description\" content=\"S\u00fcgavk\u00fclmutatud toortatra-nuikapsap\u00fcree kuubikud 200g (beebitoit 7+ kuud). 200g pakendis on 11-12 kuubikut, keskmine kuubiku kaal s\u00f5ltuvalt kujust 16-20g.\" \/>\n<meta property=\"og:url\" content=\"https:\/\/babycool.ee\/eng\/tooted\/sugavkulmutatud-toortatra-nuikapsapuree-kuubikud\/\" \/>\n<meta property=\"og:site_name\" content=\"BabyCool - 100% puhas beebitoit p\u00e4ris loodusest\" \/>\n<meta property=\"article:modified_time\" content=\"2025-09-25T09:28:28+00:00\" \/>\n<meta property=\"og:image\" content=\"https:\/\/babycool.ee\/wp-content\/uploads\/2024\/04\/Toortatra-nuikapsapuree-kuubikud-esi.jpg\" \/>\n\t<meta property=\"og:image:width\" content=\"1200\" \/>\n\t<meta property=\"og:image:height\" content=\"900\" \/>\n\t<meta property=\"og:image:type\" content=\"image\/jpeg\" \/>\n<meta name=\"twitter:card\" content=\"summary_large_image\" \/>\n<meta name=\"twitter:label1\" content=\"Est. reading time\" \/>\n\t<meta name=\"twitter:data1\" content=\"1 minute\" \/>\n<script type=\"application\/ld+json\" class=\"yoast-schema-graph\">{\"@context\":\"https:\/\/schema.org\",\"@graph\":[{\"@type\":\"WebPage\",\"@id\":\"https:\/\/babycool.ee\/eng\/tooted\/sugavkulmutatud-toortatra-nuikapsapuree-kuubikud\/\",\"url\":\"https:\/\/babycool.ee\/eng\/tooted\/sugavkulmutatud-toortatra-nuikapsapuree-kuubikud\/\",\"name\":\"S\u00fcgavk\u00fclmutatud toortatra-nuikapsap\u00fcree kuubikud 200g\",\"isPartOf\":{\"@id\":\"https:\/\/babycool.ee\/eng\/#website\"},\"primaryImageOfPage\":{\"@id\":\"https:\/\/babycool.ee\/eng\/tooted\/sugavkulmutatud-toortatra-nuikapsapuree-kuubikud\/#primaryimage\"},\"image\":{\"@id\":\"https:\/\/babycool.ee\/eng\/tooted\/sugavkulmutatud-toortatra-nuikapsapuree-kuubikud\/#primaryimage\"},\"thumbnailUrl\":\"https:\/\/babycool.ee\/wp-content\/uploads\/2024\/04\/Toortatra-nuikapsapuree-kuubikud-esi.jpg\",\"datePublished\":\"2024-04-29T06:14:20+00:00\",\"dateModified\":\"2025-09-25T09:28:28+00:00\",\"description\":\"S\u00fcgavk\u00fclmutatud toortatra-nuikapsap\u00fcree kuubikud 200g (beebitoit 7+ kuud). 200g pakendis on 11-12 kuubikut, keskmine kuubiku kaal s\u00f5ltuvalt kujust 16-20g.\",\"breadcrumb\":{\"@id\":\"https:\/\/babycool.ee\/eng\/tooted\/sugavkulmutatud-toortatra-nuikapsapuree-kuubikud\/#breadcrumb\"},\"inLanguage\":\"en-US\",\"potentialAction\":[{\"@type\":\"ReadAction\",\"target\":[\"https:\/\/babycool.ee\/eng\/tooted\/sugavkulmutatud-toortatra-nuikapsapuree-kuubikud\/\"]}]},{\"@type\":\"ImageObject\",\"inLanguage\":\"en-US\",\"@id\":\"https:\/\/babycool.ee\/eng\/tooted\/sugavkulmutatud-toortatra-nuikapsapuree-kuubikud\/#primaryimage\",\"url\":\"https:\/\/babycool.ee\/wp-content\/uploads\/2024\/04\/Toortatra-nuikapsapuree-kuubikud-esi.jpg\",\"contentUrl\":\"https:\/\/babycool.ee\/wp-content\/uploads\/2024\/04\/Toortatra-nuikapsapuree-kuubikud-esi.jpg\",\"width\":1200,\"height\":900,\"caption\":\"Toortatra-nuikapsap\u00fcree kuubikud\"},{\"@type\":\"BreadcrumbList\",\"@id\":\"https:\/\/babycool.ee\/eng\/tooted\/sugavkulmutatud-toortatra-nuikapsapuree-kuubikud\/#breadcrumb\",\"itemListElement\":[{\"@type\":\"ListItem\",\"position\":1,\"name\":\"Home\",\"item\":\"https:\/\/babycool.ee\/babycool-2\/\"},{\"@type\":\"ListItem\",\"position\":2,\"name\":\"S\u00fcgavk\u00fclmutatud toortatra-nuikapsap\u00fcree kuubikud 200g\"}]},{\"@type\":\"WebSite\",\"@id\":\"https:\/\/babycool.ee\/eng\/#website\",\"url\":\"https:\/\/babycool.ee\/eng\/\",\"name\":\"BabyCool - 100% puhas beebitoit p\u00e4ris loodusest\",\"description\":\"J\u00e4rjekordne WordPressi veebileht\",\"publisher\":{\"@id\":\"https:\/\/babycool.ee\/eng\/#organization\"},\"potentialAction\":[{\"@type\":\"SearchAction\",\"target\":{\"@type\":\"EntryPoint\",\"urlTemplate\":\"https:\/\/babycool.ee\/eng\/?s={search_term_string}\"},\"query-input\":{\"@type\":\"PropertyValueSpecification\",\"valueRequired\":true,\"valueName\":\"search_term_string\"}}],\"inLanguage\":\"en-US\"},{\"@type\":\"Organization\",\"@id\":\"https:\/\/babycool.ee\/eng\/#organization\",\"name\":\"Babycool\",\"url\":\"https:\/\/babycool.ee\/eng\/\",\"logo\":{\"@type\":\"ImageObject\",\"inLanguage\":\"en-US\",\"@id\":\"https:\/\/babycool.ee\/eng\/#\/schema\/logo\/image\/\",\"url\":\"https:\/\/babycool.ee\/wp-content\/uploads\/2020\/09\/babycool-ee-logo-1.jpg\",\"contentUrl\":\"https:\/\/babycool.ee\/wp-content\/uploads\/2020\/09\/babycool-ee-logo-1.jpg\",\"width\":200,\"height\":199,\"caption\":\"Babycool\"},\"image\":{\"@id\":\"https:\/\/babycool.ee\/eng\/#\/schema\/logo\/image\/\"}}]}<\/script>\n<!-- \/ Yoast SEO plugin. -->","yoast_head_json":{"title":"S\u00fcgavk\u00fclmutatud toortatra-nuikapsap\u00fcree kuubikud 200g","description":"S\u00fcgavk\u00fclmutatud toortatra-nuikapsap\u00fcree kuubikud 200g (beebitoit 7+ kuud). 200g pakendis on 11-12 kuubikut, keskmine kuubiku kaal s\u00f5ltuvalt kujust 16-20g.","robots":{"index":"index","follow":"follow","max-snippet":"max-snippet:-1","max-image-preview":"max-image-preview:large","max-video-preview":"max-video-preview:-1"},"canonical":"https:\/\/babycool.ee\/eng\/tooted\/sugavkulmutatud-toortatra-nuikapsapuree-kuubikud\/","og_locale":"en_US","og_type":"article","og_title":"S\u00fcgavk\u00fclmutatud toortatra-nuikapsap\u00fcree kuubikud 200g","og_description":"S\u00fcgavk\u00fclmutatud toortatra-nuikapsap\u00fcree kuubikud 200g (beebitoit 7+ kuud). 200g pakendis on 11-12 kuubikut, keskmine kuubiku kaal s\u00f5ltuvalt kujust 16-20g.","og_url":"https:\/\/babycool.ee\/eng\/tooted\/sugavkulmutatud-toortatra-nuikapsapuree-kuubikud\/","og_site_name":"BabyCool - 100% puhas beebitoit p\u00e4ris loodusest","article_modified_time":"2025-09-25T09:28:28+00:00","og_image":[{"width":1200,"height":900,"url":"https:\/\/babycool.ee\/wp-content\/uploads\/2024\/04\/Toortatra-nuikapsapuree-kuubikud-esi.jpg","type":"image\/jpeg"}],"twitter_card":"summary_large_image","twitter_misc":{"Est. reading time":"1 minute"},"schema":{"@context":"https:\/\/schema.org","@graph":[{"@type":"WebPage","@id":"https:\/\/babycool.ee\/eng\/tooted\/sugavkulmutatud-toortatra-nuikapsapuree-kuubikud\/","url":"https:\/\/babycool.ee\/eng\/tooted\/sugavkulmutatud-toortatra-nuikapsapuree-kuubikud\/","name":"S\u00fcgavk\u00fclmutatud toortatra-nuikapsap\u00fcree kuubikud 200g","isPartOf":{"@id":"https:\/\/babycool.ee\/eng\/#website"},"primaryImageOfPage":{"@id":"https:\/\/babycool.ee\/eng\/tooted\/sugavkulmutatud-toortatra-nuikapsapuree-kuubikud\/#primaryimage"},"image":{"@id":"https:\/\/babycool.ee\/eng\/tooted\/sugavkulmutatud-toortatra-nuikapsapuree-kuubikud\/#primaryimage"},"thumbnailUrl":"https:\/\/babycool.ee\/wp-content\/uploads\/2024\/04\/Toortatra-nuikapsapuree-kuubikud-esi.jpg","datePublished":"2024-04-29T06:14:20+00:00","dateModified":"2025-09-25T09:28:28+00:00","description":"S\u00fcgavk\u00fclmutatud toortatra-nuikapsap\u00fcree kuubikud 200g (beebitoit 7+ kuud). 200g pakendis on 11-12 kuubikut, keskmine kuubiku kaal s\u00f5ltuvalt kujust 16-20g.","breadcrumb":{"@id":"https:\/\/babycool.ee\/eng\/tooted\/sugavkulmutatud-toortatra-nuikapsapuree-kuubikud\/#breadcrumb"},"inLanguage":"en-US","potentialAction":[{"@type":"ReadAction","target":["https:\/\/babycool.ee\/eng\/tooted\/sugavkulmutatud-toortatra-nuikapsapuree-kuubikud\/"]}]},{"@type":"ImageObject","inLanguage":"en-US","@id":"https:\/\/babycool.ee\/eng\/tooted\/sugavkulmutatud-toortatra-nuikapsapuree-kuubikud\/#primaryimage","url":"https:\/\/babycool.ee\/wp-content\/uploads\/2024\/04\/Toortatra-nuikapsapuree-kuubikud-esi.jpg","contentUrl":"https:\/\/babycool.ee\/wp-content\/uploads\/2024\/04\/Toortatra-nuikapsapuree-kuubikud-esi.jpg","width":1200,"height":900,"caption":"Toortatra-nuikapsap\u00fcree kuubikud"},{"@type":"BreadcrumbList","@id":"https:\/\/babycool.ee\/eng\/tooted\/sugavkulmutatud-toortatra-nuikapsapuree-kuubikud\/#breadcrumb","itemListElement":[{"@type":"ListItem","position":1,"name":"Home","item":"https:\/\/babycool.ee\/babycool-2\/"},{"@type":"ListItem","position":2,"name":"S\u00fcgavk\u00fclmutatud toortatra-nuikapsap\u00fcree kuubikud 200g"}]},{"@type":"WebSite","@id":"https:\/\/babycool.ee\/eng\/#website","url":"https:\/\/babycool.ee\/eng\/","name":"BabyCool - 100% puhas beebitoit p\u00e4ris loodusest","description":"J\u00e4rjekordne WordPressi veebileht","publisher":{"@id":"https:\/\/babycool.ee\/eng\/#organization"},"potentialAction":[{"@type":"SearchAction","target":{"@type":"EntryPoint","urlTemplate":"https:\/\/babycool.ee\/eng\/?s={search_term_string}"},"query-input":{"@type":"PropertyValueSpecification","valueRequired":true,"valueName":"search_term_string"}}],"inLanguage":"en-US"},{"@type":"Organization","@id":"https:\/\/babycool.ee\/eng\/#organization","name":"Babycool","url":"https:\/\/babycool.ee\/eng\/","logo":{"@type":"ImageObject","inLanguage":"en-US","@id":"https:\/\/babycool.ee\/eng\/#\/schema\/logo\/image\/","url":"https:\/\/babycool.ee\/wp-content\/uploads\/2020\/09\/babycool-ee-logo-1.jpg","contentUrl":"https:\/\/babycool.ee\/wp-content\/uploads\/2020\/09\/babycool-ee-logo-1.jpg","width":200,"height":199,"caption":"Babycool"},"image":{"@id":"https:\/\/babycool.ee\/eng\/#\/schema\/logo\/image\/"}}]}},"_links":{"self":[{"href":"https:\/\/babycool.ee\/eng\/wp-json\/wp\/v2\/product\/729998","targetHints":{"allow":["GET"]}}],"collection":[{"href":"https:\/\/babycool.ee\/eng\/wp-json\/wp\/v2\/product"}],"about":[{"href":"https:\/\/babycool.ee\/eng\/wp-json\/wp\/v2\/types\/product"}],"replies":[{"embeddable":true,"href":"https:\/\/babycool.ee\/eng\/wp-json\/wp\/v2\/comments?post=729998"}],"version-history":[{"count":5,"href":"https:\/\/babycool.ee\/eng\/wp-json\/wp\/v2\/product\/729998\/revisions"}],"predecessor-version":[{"id":730565,"href":"https:\/\/babycool.ee\/eng\/wp-json\/wp\/v2\/product\/729998\/revisions\/730565"}],"wp:featuredmedia":[{"embeddable":true,"href":"https:\/\/babycool.ee\/eng\/wp-json\/wp\/v2\/media\/730113"}],"wp:attachment":[{"href":"https:\/\/babycool.ee\/eng\/wp-json\/wp\/v2\/media?parent=729998"}],"wp:term":[{"taxonomy":"product_brand","embeddable":true,"href":"https:\/\/babycool.ee\/eng\/wp-json\/wp\/v2\/product_brand?post=729998"},{"taxonomy":"product_cat","embeddable":true,"href":"https:\/\/babycool.ee\/eng\/wp-json\/wp\/v2\/product_cat?post=729998"},{"taxonomy":"product_tag","embeddable":true,"href":"https:\/\/babycool.ee\/eng\/wp-json\/wp\/v2\/product_tag?post=729998"}],"curies":[{"name":"wp","href":"https:\/\/api.w.org\/{rel}","templated":true}]}}