{"id":728807,"date":"2023-11-20T09:46:41","date_gmt":"2023-11-20T07:46:41","guid":{"rendered":"https:\/\/babycool.ee\/?post_type=product&#038;p=728807"},"modified":"2026-03-31T13:53:31","modified_gmt":"2026-03-31T10:53:31","slug":"sugavkulmutatud-babycool-pureekuubikute-komplekt-beebigurmee","status":"publish","type":"product","link":"https:\/\/babycool.ee\/eng\/tooted\/sugavkulmutatud-babycool-pureekuubikute-komplekt-beebigurmee\/","title":{"rendered":"BabyCool frozen puree cubes kit BABY GOURMET"},"content":{"rendered":"<p>Nutritional value per 100g:<\/p>\n<ul>\n<li style=\"list-style-type: none;\">\n<ul>\n<li><a href=\"https:\/\/babycool.ee\/tooted\/sugavkulmutatud-korvitsapuree-kuubikud-200g\/\">Frozen pumpkin puree cubes 200g<\/a><\/li>\n<li><a href=\"https:\/\/babycool.ee\/tooted\/sugavkulmutatud-suvikorvitsapuree-kuubikud-200g\/\">Frozen zucchini puree cubes 200g<\/a><\/li>\n<li><a href=\"https:\/\/babycool.ee\/tooted\/sugavkulmutatud-pastinaagipuree-kuubikud-200g\/\">Frozen parsnip puree cubes 200g<\/a><\/li>\n<li><a href=\"https:\/\/babycool.ee\/tooted\/sugavkulmutatud-porgandipuree-kuubikud-200g\/\">Frozen carrot puree cubes 200g<\/a><\/li>\n<li><a href=\"https:\/\/babycool.ee\/tooted\/sugavkulmutatud-brokolipuree-kuubikud-200g\/\">Frozen broccoli puree cubes 200g<\/a><\/li>\n<li><a href=\"https:\/\/babycool.ee\/tooted\/sugavkulmutatud-lillkapsapuree-kuubikud-200g\/\">Frozen cauliflower puree cubes 200g<\/a><\/li>\n<li><a href=\"https:\/\/babycool.ee\/tooted\/sugavkulmutatud-pirnipuree-kuubikud-200g\/\">Frozen pear puree cubes 200g<\/a><\/li>\n<li><a href=\"https:\/\/babycool.ee\/tooted\/sugavkulmutatud-ounapuree-kuubikud-200g\/\">Frozen apple puree cubes 200g<\/a><\/li>\n<li><a href=\"https:\/\/babycool.ee\/tooted\/sugavkulmutatud-ouna-mustikapuree-kuubikud-200g\/\">Frozen apple-blueberry puree cubes 200g<\/a><\/li>\n<li><a href=\"https:\/\/babycool.ee\/tooted\/sugavkulmutatud-pirni-maasikapuree-kuubikud-200g\/\">Frozen pear-strawberry\n puree cubes 200g<\/a><\/li>\n<li><a href=\"https:\/\/babycool.ee\/tooted\/sugavkulmutatud-veiselihapuree-kuubikud-200g\/\">Frozen beef puree cubes 200g<\/a><\/li>\n<li><a href=\"https:\/\/babycool.ee\/tooted\/sugavkulmutatud-broilerilihapuree-kuubikud-200g\/\">S\u00fcgavk\u00fclmutatud broilerilihap\u00fcree kuubikud 200g<\/a><\/li>\n<li><a href=\"https:\/\/babycool.ee\/tooted\/sugavkulmutatud-broilerimaksapuree-kuubikud\/\">S\u00fcgavk\u00fclmutatud broilerimaksap\u00fcree kuubikud 200g<\/a><\/li>\n<li><a href=\"https:\/\/babycool.ee\/tooted\/sugavkulmutatud-lambalihapuree-kuubikud-200g\/\">Frozen lamb puree cubes 200g<\/a><\/li>\n<li><a href=\"https:\/\/babycool.ee\/tooted\/sugavkulmutatud-toortatra-nuikapsapuree-kuubikud\/\">S\u00fcgavk\u00fclmutatud toortatra-nuikapsap\u00fcree kuubikud 200g<\/a><\/li>\n<li><a href=\"https:\/\/babycool.ee\/tooted\/sugavkulmutatud-toortatra-peedipuree-kuubikud\/\">S\u00fcgavk\u00fclmutatud toortatra-peedip\u00fcree kuubikud 200g<\/a><\/li>\n<\/ul>\n<\/li>\n<\/ul>\n<p>&nbsp;<\/p>\n<p><span style=\"color: #858687; font-size: 16px;\">No added sugar. The sugar content corresponds to natural composition.<\/span><\/p>\n<p><strong>Frozen product, store in the freezer. Requires defrosting and heating. After defrosting and heating, consume immediately, do not re-freeze or reheat.<\/strong><\/p>\n<p>This product is gluten and lactose free. May contain smaller pieces. Different BabyCool cubes can be combined.<\/p>","protected":false},"excerpt":{"rendered":"<p><strong>BabyCool frozen puree cubes kit BABY GOURMET<\/strong> \u2013 the kit includes 16 deep-frozen BabyCool puree cube products (from 4+ months to 9+ months).<br \/>\nThe kit is designed for a baby who has done the first mouthfuls of solid foods and now is time to develop the taste spots. \nPlease note that each baby is different and you can read more about how and when to start with different solid foods <a href=\"https:\/\/babycool.ee\/beebide-toitumine\/\">HERE<\/a>.<\/p>\n<p>The 200g package contains 11-12 cubes, the average weight of a cube is 16-20g depending on the shape.<\/p>\n<p>You can find the products included in the kit and product ingredients by CLICKING ON THE PRODUCT:<\/p>\n<ul>\n<li><a href=\"https:\/\/babycool.ee\/tooted\/sugavkulmutatud-korvitsapuree-kuubikud-200g\/\">Frozen pumpkin puree cubes 200g<\/a><\/li>\n<li><a href=\"https:\/\/babycool.ee\/tooted\/sugavkulmutatud-suvikorvitsapuree-kuubikud-200g\/\">Frozen zucchini puree cubes 200g<\/a><\/li>\n<li><a href=\"https:\/\/babycool.ee\/tooted\/sugavkulmutatud-pastinaagipuree-kuubikud-200g\/\">Frozen parsnip puree cubes 200g<\/a><\/li>\n<li><a href=\"https:\/\/babycool.ee\/tooted\/sugavkulmutatud-porgandipuree-kuubikud-200g\/\">Frozen carrot puree cubes 200g<\/a><\/li>\n<li><a href=\"https:\/\/babycool.ee\/tooted\/sugavkulmutatud-brokolipuree-kuubikud-200g\/\">Frozen broccoli puree cubes 200g<\/a><\/li>\n<li><a href=\"https:\/\/babycool.ee\/tooted\/sugavkulmutatud-lillkapsapuree-kuubikud-200g\/\">Frozen cauliflower puree cubes 200g<\/a><\/li>\n<li><a href=\"https:\/\/babycool.ee\/tooted\/sugavkulmutatud-pirnipuree-kuubikud-200g\/\">Frozen pear puree cubes 200g<\/a><\/li>\n<li><a href=\"https:\/\/babycool.ee\/tooted\/sugavkulmutatud-ounapuree-kuubikud-200g\/\">Frozen apple puree cubes 200g<\/a><\/li>\n<li><a href=\"https:\/\/babycool.ee\/tooted\/sugavkulmutatud-ouna-mustikapuree-kuubikud-200g\/\">Frozen apple-blueberry puree cubes 200g<\/a><\/li>\n<li><a href=\"https:\/\/babycool.ee\/tooted\/sugavkulmutatud-pirni-maasikapuree-kuubikud-200g\/\">Frozen pear-strawberry\n puree cubes 200g<\/a><\/li>\n<li><a href=\"https:\/\/babycool.ee\/tooted\/sugavkulmutatud-veiselihapuree-kuubikud-200g\/\">Frozen beef puree cubes 200g<\/a><\/li>\n<li><a href=\"https:\/\/babycool.ee\/tooted\/sugavkulmutatud-broilerilihapuree-kuubikud-200g\/\">S\u00fcgavk\u00fclmutatud broilerilihap\u00fcree kuubikud 200g<\/a><\/li>\n<li><a href=\"https:\/\/babycool.ee\/tooted\/sugavkulmutatud-broilerimaksapuree-kuubikud\/\">S\u00fcgavk\u00fclmutatud broilerimaksap\u00fcree kuubikud 200g<\/a><\/li>\n<li><a href=\"https:\/\/babycool.ee\/tooted\/sugavkulmutatud-lambalihapuree-kuubikud-200g\/\">Frozen lamb puree cubes 200g<\/a><\/li>\n<li><a href=\"https:\/\/babycool.ee\/tooted\/sugavkulmutatud-toortatra-nuikapsapuree-kuubikud\/\">S\u00fcgavk\u00fclmutatud toortatra-nuikapsap\u00fcree kuubikud 200g<\/a><\/li>\n<li><a href=\"https:\/\/babycool.ee\/tooted\/sugavkulmutatud-toortatra-peedipuree-kuubikud\/\">S\u00fcgavk\u00fclmutatud toortatra-peedip\u00fcree kuubikud 200g<\/a><\/li>\n<\/ul>\n<p><strong>Tooraine on mahe ja eestimaine!<\/strong><\/p>","protected":false},"featured_media":726545,"comment_status":"open","ping_status":"closed","template":"","meta":[],"product_brand":[],"product_cat":[44,48,256,49,50],"product_tag":[],"class_list":{"0":"post-728807","1":"product","2":"type-product","3":"status-publish","4":"has-post-thumbnail","6":"product_cat-4-kuud","7":"product_cat-6-kuud","8":"product_cat-7-kuud","9":"product_cat-8-kuud","10":"product_cat-9-kuud","12":"first","13":"instock","14":"sale","15":"featured","16":"taxable","17":"shipping-taxable","18":"purchasable","19":"product-type-simple"},"yoast_head":"<!-- This site is optimized with the Yoast SEO plugin v27.2 - https:\/\/yoast.com\/product\/yoast-seo-wordpress\/ -->\n<title>BabyCool - Gurmee komplekt<\/title>\n<meta name=\"description\" content=\"S\u00fcgavk\u00fclmutatud BabyCool p\u00fcreekuubikute &quot;BEEBIGURMEE&quot; - komplekti kuulub 16 s\u00fcgavk\u00fclmutatud BabyCool p\u00fcreekuubiku toodet (alates 4+kuud kuni 9+kuud).\" \/>\n<meta name=\"robots\" content=\"index, follow, max-snippet:-1, max-image-preview:large, max-video-preview:-1\" \/>\n<link rel=\"canonical\" href=\"https:\/\/babycool.ee\/eng\/tooted\/sugavkulmutatud-babycool-pureekuubikute-komplekt-beebigurmee\/\" \/>\n<meta property=\"og:locale\" content=\"en_US\" \/>\n<meta property=\"og:type\" content=\"article\" \/>\n<meta property=\"og:title\" content=\"BabyCool - Gurmee komplekt\" \/>\n<meta property=\"og:description\" content=\"S\u00fcgavk\u00fclmutatud BabyCool p\u00fcreekuubikute &quot;BEEBIGURMEE&quot; - komplekti kuulub 16 s\u00fcgavk\u00fclmutatud BabyCool p\u00fcreekuubiku toodet (alates 4+kuud kuni 9+kuud).\" \/>\n<meta property=\"og:url\" content=\"https:\/\/babycool.ee\/eng\/tooted\/sugavkulmutatud-babycool-pureekuubikute-komplekt-beebigurmee\/\" \/>\n<meta property=\"og:site_name\" content=\"BabyCool - 100% puhas beebitoit p\u00e4ris loodusest\" \/>\n<meta property=\"article:modified_time\" content=\"2026-03-31T10:53:31+00:00\" \/>\n<meta property=\"og:image\" content=\"https:\/\/babycool.ee\/wp-content\/uploads\/2022\/10\/Babycool-Beebigurmee-komplekt-1.jpg\" \/>\n\t<meta property=\"og:image:width\" content=\"1200\" \/>\n\t<meta property=\"og:image:height\" content=\"724\" \/>\n\t<meta property=\"og:image:type\" content=\"image\/jpeg\" \/>\n<meta name=\"twitter:card\" content=\"summary_large_image\" \/>\n<meta name=\"twitter:label1\" content=\"Est. reading time\" \/>\n\t<meta name=\"twitter:data1\" content=\"1 minute\" \/>\n<script type=\"application\/ld+json\" class=\"yoast-schema-graph\">{\"@context\":\"https:\/\/schema.org\",\"@graph\":[{\"@type\":\"WebPage\",\"@id\":\"https:\/\/babycool.ee\/eng\/tooted\/sugavkulmutatud-babycool-pureekuubikute-komplekt-beebigurmee\/\",\"url\":\"https:\/\/babycool.ee\/eng\/tooted\/sugavkulmutatud-babycool-pureekuubikute-komplekt-beebigurmee\/\",\"name\":\"BabyCool - Gurmee komplekt\",\"isPartOf\":{\"@id\":\"https:\/\/babycool.ee\/eng\/#website\"},\"primaryImageOfPage\":{\"@id\":\"https:\/\/babycool.ee\/eng\/tooted\/sugavkulmutatud-babycool-pureekuubikute-komplekt-beebigurmee\/#primaryimage\"},\"image\":{\"@id\":\"https:\/\/babycool.ee\/eng\/tooted\/sugavkulmutatud-babycool-pureekuubikute-komplekt-beebigurmee\/#primaryimage\"},\"thumbnailUrl\":\"https:\/\/babycool.ee\/wp-content\/uploads\/2022\/10\/Babycool-Beebigurmee-komplekt-1.jpg\",\"datePublished\":\"2023-11-20T07:46:41+00:00\",\"dateModified\":\"2026-03-31T10:53:31+00:00\",\"description\":\"S\u00fcgavk\u00fclmutatud BabyCool p\u00fcreekuubikute \\\"BEEBIGURMEE\\\" - komplekti kuulub 16 s\u00fcgavk\u00fclmutatud BabyCool p\u00fcreekuubiku toodet (alates 4+kuud kuni 9+kuud).\",\"breadcrumb\":{\"@id\":\"https:\/\/babycool.ee\/eng\/tooted\/sugavkulmutatud-babycool-pureekuubikute-komplekt-beebigurmee\/#breadcrumb\"},\"inLanguage\":\"en-US\",\"potentialAction\":[{\"@type\":\"ReadAction\",\"target\":[\"https:\/\/babycool.ee\/eng\/tooted\/sugavkulmutatud-babycool-pureekuubikute-komplekt-beebigurmee\/\"]}]},{\"@type\":\"ImageObject\",\"inLanguage\":\"en-US\",\"@id\":\"https:\/\/babycool.ee\/eng\/tooted\/sugavkulmutatud-babycool-pureekuubikute-komplekt-beebigurmee\/#primaryimage\",\"url\":\"https:\/\/babycool.ee\/wp-content\/uploads\/2022\/10\/Babycool-Beebigurmee-komplekt-1.jpg\",\"contentUrl\":\"https:\/\/babycool.ee\/wp-content\/uploads\/2022\/10\/Babycool-Beebigurmee-komplekt-1.jpg\",\"width\":1200,\"height\":724,\"caption\":\"Babycool-Beebigurmee-komplekt (1)\"},{\"@type\":\"BreadcrumbList\",\"@id\":\"https:\/\/babycool.ee\/eng\/tooted\/sugavkulmutatud-babycool-pureekuubikute-komplekt-beebigurmee\/#breadcrumb\",\"itemListElement\":[{\"@type\":\"ListItem\",\"position\":1,\"name\":\"Home\",\"item\":\"https:\/\/BABYCOOL.EE\/eng\/babycool-2\/\"},{\"@type\":\"ListItem\",\"position\":2,\"name\":\"S\u00fcgavk\u00fclmutatud BabyCool p\u00fcreekuubikute komplekt &#8220;BEEBIGURMEE&#8221;\"}]},{\"@type\":\"WebSite\",\"@id\":\"https:\/\/babycool.ee\/eng\/#website\",\"url\":\"https:\/\/babycool.ee\/eng\/\",\"name\":\"BabyCool - 100% puhas beebitoit p\u00e4ris loodusest\",\"description\":\"J\u00e4rjekordne WordPressi veebileht\",\"publisher\":{\"@id\":\"https:\/\/babycool.ee\/eng\/#organization\"},\"potentialAction\":[{\"@type\":\"SearchAction\",\"target\":{\"@type\":\"EntryPoint\",\"urlTemplate\":\"https:\/\/babycool.ee\/eng\/?s={search_term_string}\"},\"query-input\":{\"@type\":\"PropertyValueSpecification\",\"valueRequired\":true,\"valueName\":\"search_term_string\"}}],\"inLanguage\":\"en-US\"},{\"@type\":\"Organization\",\"@id\":\"https:\/\/babycool.ee\/eng\/#organization\",\"name\":\"Babycool\",\"url\":\"https:\/\/babycool.ee\/eng\/\",\"logo\":{\"@type\":\"ImageObject\",\"inLanguage\":\"en-US\",\"@id\":\"https:\/\/babycool.ee\/eng\/#\/schema\/logo\/image\/\",\"url\":\"https:\/\/babycool.ee\/wp-content\/uploads\/2020\/09\/babycool-ee-logo-1.jpg\",\"contentUrl\":\"https:\/\/babycool.ee\/wp-content\/uploads\/2020\/09\/babycool-ee-logo-1.jpg\",\"width\":200,\"height\":199,\"caption\":\"Babycool\"},\"image\":{\"@id\":\"https:\/\/babycool.ee\/eng\/#\/schema\/logo\/image\/\"}}]}<\/script>\n<!-- \/ Yoast SEO plugin. -->","yoast_head_json":{"title":"BabyCool - Gurmee komplekt","description":"S\u00fcgavk\u00fclmutatud BabyCool p\u00fcreekuubikute \"BEEBIGURMEE\" - komplekti kuulub 16 s\u00fcgavk\u00fclmutatud BabyCool p\u00fcreekuubiku toodet (alates 4+kuud kuni 9+kuud).","robots":{"index":"index","follow":"follow","max-snippet":"max-snippet:-1","max-image-preview":"max-image-preview:large","max-video-preview":"max-video-preview:-1"},"canonical":"https:\/\/babycool.ee\/eng\/tooted\/sugavkulmutatud-babycool-pureekuubikute-komplekt-beebigurmee\/","og_locale":"en_US","og_type":"article","og_title":"BabyCool - Gurmee komplekt","og_description":"S\u00fcgavk\u00fclmutatud BabyCool p\u00fcreekuubikute \"BEEBIGURMEE\" - komplekti kuulub 16 s\u00fcgavk\u00fclmutatud BabyCool p\u00fcreekuubiku toodet (alates 4+kuud kuni 9+kuud).","og_url":"https:\/\/babycool.ee\/eng\/tooted\/sugavkulmutatud-babycool-pureekuubikute-komplekt-beebigurmee\/","og_site_name":"BabyCool - 100% puhas beebitoit p\u00e4ris loodusest","article_modified_time":"2026-03-31T10:53:31+00:00","og_image":[{"width":1200,"height":724,"url":"https:\/\/babycool.ee\/wp-content\/uploads\/2022\/10\/Babycool-Beebigurmee-komplekt-1.jpg","type":"image\/jpeg"}],"twitter_card":"summary_large_image","twitter_misc":{"Est. reading time":"1 minute"},"schema":{"@context":"https:\/\/schema.org","@graph":[{"@type":"WebPage","@id":"https:\/\/babycool.ee\/eng\/tooted\/sugavkulmutatud-babycool-pureekuubikute-komplekt-beebigurmee\/","url":"https:\/\/babycool.ee\/eng\/tooted\/sugavkulmutatud-babycool-pureekuubikute-komplekt-beebigurmee\/","name":"BabyCool - Gurmee komplekt","isPartOf":{"@id":"https:\/\/babycool.ee\/eng\/#website"},"primaryImageOfPage":{"@id":"https:\/\/babycool.ee\/eng\/tooted\/sugavkulmutatud-babycool-pureekuubikute-komplekt-beebigurmee\/#primaryimage"},"image":{"@id":"https:\/\/babycool.ee\/eng\/tooted\/sugavkulmutatud-babycool-pureekuubikute-komplekt-beebigurmee\/#primaryimage"},"thumbnailUrl":"https:\/\/babycool.ee\/wp-content\/uploads\/2022\/10\/Babycool-Beebigurmee-komplekt-1.jpg","datePublished":"2023-11-20T07:46:41+00:00","dateModified":"2026-03-31T10:53:31+00:00","description":"S\u00fcgavk\u00fclmutatud BabyCool p\u00fcreekuubikute \"BEEBIGURMEE\" - komplekti kuulub 16 s\u00fcgavk\u00fclmutatud BabyCool p\u00fcreekuubiku toodet (alates 4+kuud kuni 9+kuud).","breadcrumb":{"@id":"https:\/\/babycool.ee\/eng\/tooted\/sugavkulmutatud-babycool-pureekuubikute-komplekt-beebigurmee\/#breadcrumb"},"inLanguage":"en-US","potentialAction":[{"@type":"ReadAction","target":["https:\/\/babycool.ee\/eng\/tooted\/sugavkulmutatud-babycool-pureekuubikute-komplekt-beebigurmee\/"]}]},{"@type":"ImageObject","inLanguage":"en-US","@id":"https:\/\/babycool.ee\/eng\/tooted\/sugavkulmutatud-babycool-pureekuubikute-komplekt-beebigurmee\/#primaryimage","url":"https:\/\/babycool.ee\/wp-content\/uploads\/2022\/10\/Babycool-Beebigurmee-komplekt-1.jpg","contentUrl":"https:\/\/babycool.ee\/wp-content\/uploads\/2022\/10\/Babycool-Beebigurmee-komplekt-1.jpg","width":1200,"height":724,"caption":"Babycool-Beebigurmee-komplekt (1)"},{"@type":"BreadcrumbList","@id":"https:\/\/babycool.ee\/eng\/tooted\/sugavkulmutatud-babycool-pureekuubikute-komplekt-beebigurmee\/#breadcrumb","itemListElement":[{"@type":"ListItem","position":1,"name":"Home","item":"https:\/\/BABYCOOL.EE\/eng\/babycool-2\/"},{"@type":"ListItem","position":2,"name":"S\u00fcgavk\u00fclmutatud BabyCool p\u00fcreekuubikute komplekt &#8220;BEEBIGURMEE&#8221;"}]},{"@type":"WebSite","@id":"https:\/\/babycool.ee\/eng\/#website","url":"https:\/\/babycool.ee\/eng\/","name":"BabyCool - 100% puhas beebitoit p\u00e4ris loodusest","description":"J\u00e4rjekordne WordPressi veebileht","publisher":{"@id":"https:\/\/babycool.ee\/eng\/#organization"},"potentialAction":[{"@type":"SearchAction","target":{"@type":"EntryPoint","urlTemplate":"https:\/\/babycool.ee\/eng\/?s={search_term_string}"},"query-input":{"@type":"PropertyValueSpecification","valueRequired":true,"valueName":"search_term_string"}}],"inLanguage":"en-US"},{"@type":"Organization","@id":"https:\/\/babycool.ee\/eng\/#organization","name":"Babycool","url":"https:\/\/babycool.ee\/eng\/","logo":{"@type":"ImageObject","inLanguage":"en-US","@id":"https:\/\/babycool.ee\/eng\/#\/schema\/logo\/image\/","url":"https:\/\/babycool.ee\/wp-content\/uploads\/2020\/09\/babycool-ee-logo-1.jpg","contentUrl":"https:\/\/babycool.ee\/wp-content\/uploads\/2020\/09\/babycool-ee-logo-1.jpg","width":200,"height":199,"caption":"Babycool"},"image":{"@id":"https:\/\/babycool.ee\/eng\/#\/schema\/logo\/image\/"}}]}},"_links":{"self":[{"href":"https:\/\/babycool.ee\/eng\/wp-json\/wp\/v2\/product\/728807","targetHints":{"allow":["GET"]}}],"collection":[{"href":"https:\/\/babycool.ee\/eng\/wp-json\/wp\/v2\/product"}],"about":[{"href":"https:\/\/babycool.ee\/eng\/wp-json\/wp\/v2\/types\/product"}],"replies":[{"embeddable":true,"href":"https:\/\/babycool.ee\/eng\/wp-json\/wp\/v2\/comments?post=728807"}],"version-history":[{"count":5,"href":"https:\/\/babycool.ee\/eng\/wp-json\/wp\/v2\/product\/728807\/revisions"}],"predecessor-version":[{"id":733088,"href":"https:\/\/babycool.ee\/eng\/wp-json\/wp\/v2\/product\/728807\/revisions\/733088"}],"wp:featuredmedia":[{"embeddable":true,"href":"https:\/\/babycool.ee\/eng\/wp-json\/wp\/v2\/media\/726545"}],"wp:attachment":[{"href":"https:\/\/babycool.ee\/eng\/wp-json\/wp\/v2\/media?parent=728807"}],"wp:term":[{"taxonomy":"product_brand","embeddable":true,"href":"https:\/\/babycool.ee\/eng\/wp-json\/wp\/v2\/product_brand?post=728807"},{"taxonomy":"product_cat","embeddable":true,"href":"https:\/\/babycool.ee\/eng\/wp-json\/wp\/v2\/product_cat?post=728807"},{"taxonomy":"product_tag","embeddable":true,"href":"https:\/\/babycool.ee\/eng\/wp-json\/wp\/v2\/product_tag?post=728807"}],"curies":[{"name":"wp","href":"https:\/\/api.w.org\/{rel}","templated":true}]}}