{"id":728805,"date":"2023-11-20T09:34:21","date_gmt":"2023-11-20T07:34:21","guid":{"rendered":"https:\/\/babycool.ee\/?post_type=product&#038;p=728805"},"modified":"2025-10-12T20:16:47","modified_gmt":"2025-10-12T17:16:47","slug":"sugavkulmutatud-babycool-pureekuubikute-stardikomplekt","status":"publish","type":"product","link":"https:\/\/babycool.ee\/eng\/tooted\/sugavkulmutatud-babycool-pureekuubikute-stardikomplekt\/","title":{"rendered":"BabyCool frozen puree cubes STARTER KIT"},"content":{"rendered":"<p>Nutritional value per 100g:<\/p>\n<ul>\n<li><a href=\"https:\/\/babycool.ee\/tooted\/sugavkulmutatud-suvikorvitsapuree-kuubikud-200g\/\">Frozen zucchini puree cubes 200g<\/a><\/li>\n<li><a href=\"https:\/\/babycool.ee\/tooted\/sugavkulmutatud-korvitsapuree-kuubikud-200g\/\">Frozen pumpkin puree cubes 200g<\/a><\/li>\n<li><a href=\"https:\/\/babycool.ee\/tooted\/sugavkulmutatud-pastinaagipuree-kuubikud-200g\/\">Frozen parsnip puree cubes 200g<\/a><\/li>\n<li><a href=\"https:\/\/babycool.ee\/tooted\/sugavkulmutatud-porgandipuree-kuubikud-200g\/\">Frozen carrot puree cubes 200g<\/a><\/li>\n<li><a href=\"https:\/\/babycool.ee\/tooted\/sugavkulmutatud-pirnipuree-kuubikud-200g\/\">Frozen pear puree cubes 200g<\/a><\/li>\n<li><a href=\"https:\/\/babycool.ee\/tooted\/sugavkulmutatud-ounapuree-kuubikud-200g\/\">Frozen apple puree cubes 200g<\/a><\/li>\n<li><a href=\"https:\/\/babycool.ee\/tooted\/sugavkulmutatud-ouna-mustikapuree-kuubikud-200g\/\">Frozen apple-blueberry puree cubes 200g<\/a><\/li>\n<li>\n<p class=\"jet-woo-product-title\"><a href=\"https:\/\/babycool.ee\/tooted\/babycool-siilikese-pureetuub\/\">BabyCool Hedgehog Reusable Squeeze Pouch<\/a><\/p>\n<\/li>\n<\/ul>\n<p>* The sugar content corresponds to natural composition<\/p>\n<p><strong>Frozen product, store in the freezer. Requires defrosting and heating. After defrosting and heating, consume immediately, do not re-freeze or reheat.<\/strong><\/p>\n<p>This product is gluten and lactose free. May contain smaller pieces. Different BabyCool cubes can be combined.<\/p>","protected":false},"excerpt":{"rendered":"<p><strong>BabyCool frozen puree cubes STARTER KIT<\/strong> - the kit includes 7 deep-frozen BabyCool puree cube products (from 4+ months) and BabyCool Hedgehog Reusable squeeze pouch.<br \/>\nThe kit is designed for starting solid foods. How and when to start with solid foods read <a href=\"https:\/\/babycool.ee\/beebide-toitumine\/\">HERE<\/a>.<\/p>\n<p>The 200g package contains 11-12 cubes, the average weight of a cube is 16-20g depending on the shape.<\/p>\n<p>You can find the products included in the kit and product ingredients by CLICKING ON THE PRODUCT:<\/p>\n<ul>\n<li><a href=\"https:\/\/babycool.ee\/tooted\/sugavkulmutatud-suvikorvitsapuree-kuubikud-200g\/\">Frozen zucchini puree cubes 200g<\/a><\/li>\n<li><a href=\"https:\/\/babycool.ee\/tooted\/sugavkulmutatud-korvitsapuree-kuubikud-200g\/\">Frozen pumpkin puree cubes 200g<\/a><\/li>\n<li><a href=\"https:\/\/babycool.ee\/tooted\/sugavkulmutatud-pastinaagipuree-kuubikud-200g\/\">Frozen parsnip puree cubes 200g<\/a><\/li>\n<li><a href=\"https:\/\/babycool.ee\/tooted\/sugavkulmutatud-porgandipuree-kuubikud-200g\/\">Frozen carrot puree cubes 200g<\/a><\/li>\n<li><a href=\"https:\/\/babycool.ee\/tooted\/sugavkulmutatud-pirnipuree-kuubikud-200g\/\">Frozen pear puree cubes 200g<\/a><\/li>\n<li><a href=\"https:\/\/babycool.ee\/tooted\/sugavkulmutatud-ounapuree-kuubikud-200g\/\">Frozen apple puree cubes 200g<\/a><\/li>\n<li><a href=\"https:\/\/babycool.ee\/tooted\/sugavkulmutatud-ouna-mustikapuree-kuubikud-200g\/\">Frozen apple-blueberry puree cubes 200g<\/a><\/li>\n<li>\n<p class=\"jet-woo-product-title\"><a href=\"https:\/\/babycool.ee\/tooted\/babycool-siilikese-pureetuub\/\">BabyCool Hedgehog Reusable Squeeze Pouch<\/a><\/p>\n<\/li>\n<\/ul>\n<p>Raw materials\u00a0<strong>mahe ja eestimaine!<\/strong><\/p>\n<p><strong>Tooted on tunnustatud Eesti Allergialiidu poolt.<\/strong><\/p>\n<p>Information about BabyCool Hedgehog Reusable Squeeze Pouch:<br \/>\n<a href=\"https:\/\/babycool.ee\/tooted\/babycool-siilikese-pureetuub\/\">Siilikese p\u00fcreetuub\u00a0<\/a><\/p>","protected":false},"featured_media":8064,"comment_status":"open","ping_status":"closed","template":"","meta":[],"product_brand":[],"product_cat":[44],"product_tag":[],"class_list":{"0":"post-728805","1":"product","2":"type-product","3":"status-publish","4":"has-post-thumbnail","6":"product_cat-4-kuud","8":"first","9":"instock","10":"sale","11":"featured","12":"taxable","13":"shipping-taxable","14":"purchasable","15":"product-type-simple"},"yoast_head":"<!-- This site is optimized with the Yoast SEO plugin v27.2 - https:\/\/yoast.com\/product\/yoast-seo-wordpress\/ -->\n<title>S\u00fcgavk\u00fclmutatud BabyCool p\u00fcreekuubikute &quot;STARDIKOMPLEKT&quot;<\/title>\n<meta name=\"description\" content=\"S\u00fcgavk\u00fclmutatud BabyCool p\u00fcreekuubikute &quot;STARDIKOMPLEKT&quot; - komplekti kuulub 7 s\u00fcgavk\u00fclmutatud BabyCool p\u00fcreekuubiku toodet (4+kuud) ning Siilikese korduvkasutatav p\u00fcreetuub.\" \/>\n<meta name=\"robots\" content=\"index, follow, max-snippet:-1, max-image-preview:large, max-video-preview:-1\" \/>\n<link rel=\"canonical\" href=\"https:\/\/babycool.ee\/eng\/tooted\/sugavkulmutatud-babycool-pureekuubikute-stardikomplekt\/\" \/>\n<meta property=\"og:locale\" content=\"en_US\" \/>\n<meta property=\"og:type\" content=\"article\" \/>\n<meta property=\"og:title\" content=\"S\u00fcgavk\u00fclmutatud BabyCool p\u00fcreekuubikute &quot;STARDIKOMPLEKT&quot;\" \/>\n<meta property=\"og:description\" content=\"S\u00fcgavk\u00fclmutatud BabyCool p\u00fcreekuubikute &quot;STARDIKOMPLEKT&quot; - komplekti kuulub 7 s\u00fcgavk\u00fclmutatud BabyCool p\u00fcreekuubiku toodet (4+kuud) ning Siilikese korduvkasutatav p\u00fcreetuub.\" \/>\n<meta property=\"og:url\" content=\"https:\/\/babycool.ee\/eng\/tooted\/sugavkulmutatud-babycool-pureekuubikute-stardikomplekt\/\" \/>\n<meta property=\"og:site_name\" content=\"BabyCool - 100% puhas beebitoit p\u00e4ris loodusest\" \/>\n<meta property=\"article:modified_time\" content=\"2025-10-12T17:16:47+00:00\" \/>\n<meta property=\"og:image\" content=\"https:\/\/babycool.ee\/wp-content\/uploads\/2021\/09\/BabyCool_stardikomplekt.png\" \/>\n\t<meta property=\"og:image:width\" content=\"1200\" \/>\n\t<meta property=\"og:image:height\" content=\"724\" \/>\n\t<meta property=\"og:image:type\" content=\"image\/png\" \/>\n<meta name=\"twitter:card\" content=\"summary_large_image\" \/>\n<meta name=\"twitter:label1\" content=\"Est. reading time\" \/>\n\t<meta name=\"twitter:data1\" content=\"1 minute\" \/>\n<script type=\"application\/ld+json\" class=\"yoast-schema-graph\">{\"@context\":\"https:\/\/schema.org\",\"@graph\":[{\"@type\":\"WebPage\",\"@id\":\"https:\/\/babycool.ee\/eng\/tooted\/sugavkulmutatud-babycool-pureekuubikute-stardikomplekt\/\",\"url\":\"https:\/\/babycool.ee\/eng\/tooted\/sugavkulmutatud-babycool-pureekuubikute-stardikomplekt\/\",\"name\":\"S\u00fcgavk\u00fclmutatud BabyCool p\u00fcreekuubikute \\\"STARDIKOMPLEKT\\\"\",\"isPartOf\":{\"@id\":\"https:\/\/babycool.ee\/eng\/#website\"},\"primaryImageOfPage\":{\"@id\":\"https:\/\/babycool.ee\/eng\/tooted\/sugavkulmutatud-babycool-pureekuubikute-stardikomplekt\/#primaryimage\"},\"image\":{\"@id\":\"https:\/\/babycool.ee\/eng\/tooted\/sugavkulmutatud-babycool-pureekuubikute-stardikomplekt\/#primaryimage\"},\"thumbnailUrl\":\"https:\/\/babycool.ee\/wp-content\/uploads\/2021\/09\/BabyCool_stardikomplekt.png\",\"datePublished\":\"2023-11-20T07:34:21+00:00\",\"dateModified\":\"2025-10-12T17:16:47+00:00\",\"description\":\"S\u00fcgavk\u00fclmutatud BabyCool p\u00fcreekuubikute \\\"STARDIKOMPLEKT\\\" - komplekti kuulub 7 s\u00fcgavk\u00fclmutatud BabyCool p\u00fcreekuubiku toodet (4+kuud) ning Siilikese korduvkasutatav p\u00fcreetuub.\",\"breadcrumb\":{\"@id\":\"https:\/\/babycool.ee\/eng\/tooted\/sugavkulmutatud-babycool-pureekuubikute-stardikomplekt\/#breadcrumb\"},\"inLanguage\":\"en-US\",\"potentialAction\":[{\"@type\":\"ReadAction\",\"target\":[\"https:\/\/babycool.ee\/eng\/tooted\/sugavkulmutatud-babycool-pureekuubikute-stardikomplekt\/\"]}]},{\"@type\":\"ImageObject\",\"inLanguage\":\"en-US\",\"@id\":\"https:\/\/babycool.ee\/eng\/tooted\/sugavkulmutatud-babycool-pureekuubikute-stardikomplekt\/#primaryimage\",\"url\":\"https:\/\/babycool.ee\/wp-content\/uploads\/2021\/09\/BabyCool_stardikomplekt.png\",\"contentUrl\":\"https:\/\/babycool.ee\/wp-content\/uploads\/2021\/09\/BabyCool_stardikomplekt.png\",\"width\":1200,\"height\":724},{\"@type\":\"BreadcrumbList\",\"@id\":\"https:\/\/babycool.ee\/eng\/tooted\/sugavkulmutatud-babycool-pureekuubikute-stardikomplekt\/#breadcrumb\",\"itemListElement\":[{\"@type\":\"ListItem\",\"position\":1,\"name\":\"Home\",\"item\":\"https:\/\/babycool.ee\/eng\/babycool-2\/\"},{\"@type\":\"ListItem\",\"position\":2,\"name\":\"S\u00fcgavk\u00fclmutatud BabyCool p\u00fcreekuubikute &#8220;STARDIKOMPLEKT&#8221;\"}]},{\"@type\":\"WebSite\",\"@id\":\"https:\/\/babycool.ee\/eng\/#website\",\"url\":\"https:\/\/babycool.ee\/eng\/\",\"name\":\"BabyCool - 100% puhas beebitoit p\u00e4ris loodusest\",\"description\":\"J\u00e4rjekordne WordPressi veebileht\",\"publisher\":{\"@id\":\"https:\/\/babycool.ee\/eng\/#organization\"},\"potentialAction\":[{\"@type\":\"SearchAction\",\"target\":{\"@type\":\"EntryPoint\",\"urlTemplate\":\"https:\/\/babycool.ee\/eng\/?s={search_term_string}\"},\"query-input\":{\"@type\":\"PropertyValueSpecification\",\"valueRequired\":true,\"valueName\":\"search_term_string\"}}],\"inLanguage\":\"en-US\"},{\"@type\":\"Organization\",\"@id\":\"https:\/\/babycool.ee\/eng\/#organization\",\"name\":\"Babycool\",\"url\":\"https:\/\/babycool.ee\/eng\/\",\"logo\":{\"@type\":\"ImageObject\",\"inLanguage\":\"en-US\",\"@id\":\"https:\/\/babycool.ee\/eng\/#\/schema\/logo\/image\/\",\"url\":\"https:\/\/babycool.ee\/wp-content\/uploads\/2020\/09\/babycool-ee-logo-1.jpg\",\"contentUrl\":\"https:\/\/babycool.ee\/wp-content\/uploads\/2020\/09\/babycool-ee-logo-1.jpg\",\"width\":200,\"height\":199,\"caption\":\"Babycool\"},\"image\":{\"@id\":\"https:\/\/babycool.ee\/eng\/#\/schema\/logo\/image\/\"}}]}<\/script>\n<!-- \/ Yoast SEO plugin. -->","yoast_head_json":{"title":"BabyCool frozen puree cubes STARTER KIT","description":"S\u00fcgavk\u00fclmutatud BabyCool p\u00fcreekuubikute \"STARDIKOMPLEKT\" - komplekti kuulub 7 s\u00fcgavk\u00fclmutatud BabyCool p\u00fcreekuubiku toodet (4+kuud) ning Siilikese korduvkasutatav p\u00fcreetuub.","robots":{"index":"index","follow":"follow","max-snippet":"max-snippet:-1","max-image-preview":"max-image-preview:large","max-video-preview":"max-video-preview:-1"},"canonical":"https:\/\/babycool.ee\/eng\/tooted\/sugavkulmutatud-babycool-pureekuubikute-stardikomplekt\/","og_locale":"en_US","og_type":"article","og_title":"S\u00fcgavk\u00fclmutatud BabyCool p\u00fcreekuubikute \"STARDIKOMPLEKT\"","og_description":"S\u00fcgavk\u00fclmutatud BabyCool p\u00fcreekuubikute \"STARDIKOMPLEKT\" - komplekti kuulub 7 s\u00fcgavk\u00fclmutatud BabyCool p\u00fcreekuubiku toodet (4+kuud) ning Siilikese korduvkasutatav p\u00fcreetuub.","og_url":"https:\/\/babycool.ee\/eng\/tooted\/sugavkulmutatud-babycool-pureekuubikute-stardikomplekt\/","og_site_name":"BabyCool - 100% puhas beebitoit p\u00e4ris loodusest","article_modified_time":"2025-10-12T17:16:47+00:00","og_image":[{"width":1200,"height":724,"url":"https:\/\/babycool.ee\/wp-content\/uploads\/2021\/09\/BabyCool_stardikomplekt.png","type":"image\/png"}],"twitter_card":"summary_large_image","twitter_misc":{"Est. reading time":"1 minute"},"schema":{"@context":"https:\/\/schema.org","@graph":[{"@type":"WebPage","@id":"https:\/\/babycool.ee\/eng\/tooted\/sugavkulmutatud-babycool-pureekuubikute-stardikomplekt\/","url":"https:\/\/babycool.ee\/eng\/tooted\/sugavkulmutatud-babycool-pureekuubikute-stardikomplekt\/","name":"BabyCool frozen puree cubes STARTER KIT","isPartOf":{"@id":"https:\/\/babycool.ee\/eng\/#website"},"primaryImageOfPage":{"@id":"https:\/\/babycool.ee\/eng\/tooted\/sugavkulmutatud-babycool-pureekuubikute-stardikomplekt\/#primaryimage"},"image":{"@id":"https:\/\/babycool.ee\/eng\/tooted\/sugavkulmutatud-babycool-pureekuubikute-stardikomplekt\/#primaryimage"},"thumbnailUrl":"https:\/\/babycool.ee\/wp-content\/uploads\/2021\/09\/BabyCool_stardikomplekt.png","datePublished":"2023-11-20T07:34:21+00:00","dateModified":"2025-10-12T17:16:47+00:00","description":"S\u00fcgavk\u00fclmutatud BabyCool p\u00fcreekuubikute \"STARDIKOMPLEKT\" - komplekti kuulub 7 s\u00fcgavk\u00fclmutatud BabyCool p\u00fcreekuubiku toodet (4+kuud) ning Siilikese korduvkasutatav p\u00fcreetuub.","breadcrumb":{"@id":"https:\/\/babycool.ee\/eng\/tooted\/sugavkulmutatud-babycool-pureekuubikute-stardikomplekt\/#breadcrumb"},"inLanguage":"en-US","potentialAction":[{"@type":"ReadAction","target":["https:\/\/babycool.ee\/eng\/tooted\/sugavkulmutatud-babycool-pureekuubikute-stardikomplekt\/"]}]},{"@type":"ImageObject","inLanguage":"en-US","@id":"https:\/\/babycool.ee\/eng\/tooted\/sugavkulmutatud-babycool-pureekuubikute-stardikomplekt\/#primaryimage","url":"https:\/\/babycool.ee\/wp-content\/uploads\/2021\/09\/BabyCool_stardikomplekt.png","contentUrl":"https:\/\/babycool.ee\/wp-content\/uploads\/2021\/09\/BabyCool_stardikomplekt.png","width":1200,"height":724},{"@type":"BreadcrumbList","@id":"https:\/\/babycool.ee\/eng\/tooted\/sugavkulmutatud-babycool-pureekuubikute-stardikomplekt\/#breadcrumb","itemListElement":[{"@type":"ListItem","position":1,"name":"Home","item":"https:\/\/babycool.ee\/eng\/babycool-2\/"},{"@type":"ListItem","position":2,"name":"S\u00fcgavk\u00fclmutatud BabyCool p\u00fcreekuubikute &#8220;STARDIKOMPLEKT&#8221;"}]},{"@type":"WebSite","@id":"https:\/\/babycool.ee\/eng\/#website","url":"https:\/\/babycool.ee\/eng\/","name":"BabyCool - 100% puhas beebitoit p\u00e4ris loodusest","description":"J\u00e4rjekordne WordPressi veebileht","publisher":{"@id":"https:\/\/babycool.ee\/eng\/#organization"},"potentialAction":[{"@type":"SearchAction","target":{"@type":"EntryPoint","urlTemplate":"https:\/\/babycool.ee\/eng\/?s={search_term_string}"},"query-input":{"@type":"PropertyValueSpecification","valueRequired":true,"valueName":"search_term_string"}}],"inLanguage":"en-US"},{"@type":"Organization","@id":"https:\/\/babycool.ee\/eng\/#organization","name":"Babycool","url":"https:\/\/babycool.ee\/eng\/","logo":{"@type":"ImageObject","inLanguage":"en-US","@id":"https:\/\/babycool.ee\/eng\/#\/schema\/logo\/image\/","url":"https:\/\/babycool.ee\/wp-content\/uploads\/2020\/09\/babycool-ee-logo-1.jpg","contentUrl":"https:\/\/babycool.ee\/wp-content\/uploads\/2020\/09\/babycool-ee-logo-1.jpg","width":200,"height":199,"caption":"Babycool"},"image":{"@id":"https:\/\/babycool.ee\/eng\/#\/schema\/logo\/image\/"}}]}},"_links":{"self":[{"href":"https:\/\/babycool.ee\/eng\/wp-json\/wp\/v2\/product\/728805","targetHints":{"allow":["GET"]}}],"collection":[{"href":"https:\/\/babycool.ee\/eng\/wp-json\/wp\/v2\/product"}],"about":[{"href":"https:\/\/babycool.ee\/eng\/wp-json\/wp\/v2\/types\/product"}],"replies":[{"embeddable":true,"href":"https:\/\/babycool.ee\/eng\/wp-json\/wp\/v2\/comments?post=728805"}],"version-history":[{"count":5,"href":"https:\/\/babycool.ee\/eng\/wp-json\/wp\/v2\/product\/728805\/revisions"}],"predecessor-version":[{"id":731569,"href":"https:\/\/babycool.ee\/eng\/wp-json\/wp\/v2\/product\/728805\/revisions\/731569"}],"wp:featuredmedia":[{"embeddable":true,"href":"https:\/\/babycool.ee\/eng\/wp-json\/wp\/v2\/media\/8064"}],"wp:attachment":[{"href":"https:\/\/babycool.ee\/eng\/wp-json\/wp\/v2\/media?parent=728805"}],"wp:term":[{"taxonomy":"product_brand","embeddable":true,"href":"https:\/\/babycool.ee\/eng\/wp-json\/wp\/v2\/product_brand?post=728805"},{"taxonomy":"product_cat","embeddable":true,"href":"https:\/\/babycool.ee\/eng\/wp-json\/wp\/v2\/product_cat?post=728805"},{"taxonomy":"product_tag","embeddable":true,"href":"https:\/\/babycool.ee\/eng\/wp-json\/wp\/v2\/product_tag?post=728805"}],"curies":[{"name":"wp","href":"https:\/\/api.w.org\/{rel}","templated":true}]}}