{"id":726942,"date":"2023-02-03T10:56:22","date_gmt":"2023-02-03T08:56:22","guid":{"rendered":"https:\/\/babycool.ee\/?post_type=product&#038;p=726942"},"modified":"2025-10-21T10:54:28","modified_gmt":"2025-10-21T07:54:28","slug":"sugavkulmutatud-babycool-pureekuubikute-juur-ja-koogivilja-komplekt","status":"publish","type":"product","link":"https:\/\/babycool.ee\/eng\/tooted\/sugavkulmutatud-babycool-pureekuubikute-juur-ja-koogivilja-komplekt\/","title":{"rendered":"BabyCool frozen puree cubes kit VEGETABLES"},"content":{"rendered":"<p>Nutritional value per 100g:<\/p>\n<ul>\n<li><a href=\"https:\/\/babycool.ee\/tooted\/sugavkulmutatud-korvitsapuree-kuubikud-200g\/\">Frozen pumpkin puree cubes 200g<\/a><\/li>\n<li><a href=\"https:\/\/babycool.ee\/tooted\/sugavkulmutatud-suvikorvitsapuree-kuubikud-200g\/\">Frozen zucchini puree cubes 200g<\/a><\/li>\n<li><a href=\"https:\/\/babycool.ee\/tooted\/sugavkulmutatud-pastinaagipuree-kuubikud-200g\/\">Frozen parsnip puree cubes 200g<\/a><\/li>\n<li><a href=\"https:\/\/babycool.ee\/tooted\/sugavkulmutatud-porgandipuree-kuubikud-200g\/\">Frozen carrot puree cubes 200g<\/a><\/li>\n<li><a href=\"https:\/\/babycool.ee\/tooted\/sugavkulmutatud-brokolipuree-kuubikud-200g\/\">Frozen broccoli puree cubes 200g<\/a><\/li>\n<li><a href=\"https:\/\/babycool.ee\/tooted\/sugavkulmutatud-lillkapsapuree-kuubikud-200g\/\">Frozen cauliflower puree cubes 200g<\/a><\/li>\n<\/ul>\n<p>* The sugar content corresponds to natural composition<\/p>\n<p><strong>Frozen product, store in the freezer. Requires defrosting and heating. After defrosting and heating, consume immediately, do not re-freeze or reheat.<\/strong><\/p>\n<p>This product is gluten and lactose free. May contain smaller pieces. Different BabyCool cubes can be combined.<\/p>","protected":false},"excerpt":{"rendered":"<p><strong>BabyCool frozen puree cubes kit VEGETABLES<\/strong> &#8211; komplekti kuulub 6 s\u00fcgavk\u00fclmutatud BabyCool p\u00fcreekuubiku toodet (alates 4+kuud kuni 8+kuud).<br \/>\nThe kit is designed for introducing different vegetables to a baby in different ages. Please note that each baby is different and you can read more about how and when to start with different solid foods <a href=\"https:\/\/babycool.ee\/beebide-toitumine\/\">HERE<\/a>.<\/p>\n<p>The 200g package contains 11-12 cubes, the average weight of a cube is 16-20g depending on the shape.<\/p>\n<p>You can find the products included in the kit and product ingredients by CLICKING ON THE PRODUCT:<\/p>\n<ul>\n<li><a href=\"https:\/\/babycool.ee\/tooted\/sugavkulmutatud-korvitsapuree-kuubikud-200g\/\">Frozen pumpkin puree cubes 200g<\/a><\/li>\n<li><a href=\"https:\/\/babycool.ee\/tooted\/sugavkulmutatud-suvikorvitsapuree-kuubikud-200g\/\">Frozen zucchini puree cubes 200g<\/a><\/li>\n<li><a href=\"https:\/\/babycool.ee\/tooted\/sugavkulmutatud-pastinaagipuree-kuubikud-200g\/\">Frozen parsnip puree cubes 200g<\/a><\/li>\n<li><a href=\"https:\/\/babycool.ee\/tooted\/sugavkulmutatud-porgandipuree-kuubikud-200g\/\">Frozen carrot puree cubes 200g<\/a><\/li>\n<li><a href=\"https:\/\/babycool.ee\/tooted\/sugavkulmutatud-brokolipuree-kuubikud-200g\/\">Frozen broccoli puree cubes 200g<\/a><\/li>\n<li><a href=\"https:\/\/babycool.ee\/tooted\/sugavkulmutatud-lillkapsapuree-kuubikud-200g\/\">Frozen cauliflower puree cubes 200g<\/a><\/li>\n<\/ul>\n<p>Raw materials <strong>mahe ja eestimaine!<\/strong><\/p>\n<p><strong>Toode on tunnustatud<a href=\"https:\/\/allergialiit.ee\/\"> Eesti Allergialiidu<\/a> poolt.<\/strong><\/p>","protected":false},"featured_media":3767,"comment_status":"open","ping_status":"closed","template":"","meta":[],"product_brand":[],"product_cat":[44,48,49],"product_tag":[],"class_list":{"0":"post-726942","1":"product","2":"type-product","3":"status-publish","4":"has-post-thumbnail","6":"product_cat-4-kuud","7":"product_cat-6-kuud","8":"product_cat-8-kuud","10":"first","11":"instock","12":"sale","13":"featured","14":"taxable","15":"shipping-taxable","16":"purchasable","17":"product-type-simple"},"yoast_head":"<!-- This site is optimized with the Yoast SEO plugin v27.2 - https:\/\/yoast.com\/product\/yoast-seo-wordpress\/ -->\n<title>BabyCool s\u00fcgavk\u00fcmutatud &quot;JUUR- JA K\u00d6\u00d6GIVILJA KOMPLEKT&quot;<\/title>\n<meta name=\"description\" content=\"S\u00fcgavk\u00fclmutatud BabyCool p\u00fcreekuubikute &quot;JUUR-JA K\u00d6\u00d6GIVILJA KOMPLEKT&quot; - komplekti kuulub 6 s\u00fcgavk\u00fclmutatud BabyCool p\u00fcreekuubiku toodet (alates 4+kuud kuni 8+kuud).\" \/>\n<meta name=\"robots\" content=\"index, follow, max-snippet:-1, max-image-preview:large, max-video-preview:-1\" \/>\n<link rel=\"canonical\" href=\"https:\/\/babycool.ee\/eng\/tooted\/sugavkulmutatud-babycool-pureekuubikute-juur-ja-koogivilja-komplekt\/\" \/>\n<meta property=\"og:locale\" content=\"en_US\" \/>\n<meta property=\"og:type\" content=\"article\" \/>\n<meta property=\"og:title\" content=\"BabyCool s\u00fcgavk\u00fcmutatud &quot;JUUR- JA K\u00d6\u00d6GIVILJA KOMPLEKT&quot;\" \/>\n<meta property=\"og:description\" content=\"S\u00fcgavk\u00fclmutatud BabyCool p\u00fcreekuubikute &quot;JUUR-JA K\u00d6\u00d6GIVILJA KOMPLEKT&quot; - komplekti kuulub 6 s\u00fcgavk\u00fclmutatud BabyCool p\u00fcreekuubiku toodet (alates 4+kuud kuni 8+kuud).\" \/>\n<meta property=\"og:url\" content=\"https:\/\/babycool.ee\/eng\/tooted\/sugavkulmutatud-babycool-pureekuubikute-juur-ja-koogivilja-komplekt\/\" \/>\n<meta property=\"og:site_name\" content=\"BabyCool - 100% puhas beebitoit p\u00e4ris loodusest\" \/>\n<meta property=\"article:modified_time\" content=\"2025-10-21T07:54:28+00:00\" \/>\n<meta property=\"og:image\" content=\"https:\/\/babycool.ee\/wp-content\/uploads\/2020\/10\/suvikorvitsapuree-kuubikud-babycool.png\" \/>\n\t<meta property=\"og:image:width\" content=\"1200\" \/>\n\t<meta property=\"og:image:height\" content=\"724\" \/>\n\t<meta property=\"og:image:type\" content=\"image\/png\" \/>\n<meta name=\"twitter:card\" content=\"summary_large_image\" \/>\n<meta name=\"twitter:label1\" content=\"Est. reading time\" \/>\n\t<meta name=\"twitter:data1\" content=\"1 minute\" \/>\n<script type=\"application\/ld+json\" class=\"yoast-schema-graph\">{\"@context\":\"https:\/\/schema.org\",\"@graph\":[{\"@type\":\"WebPage\",\"@id\":\"https:\/\/babycool.ee\/eng\/tooted\/sugavkulmutatud-babycool-pureekuubikute-juur-ja-koogivilja-komplekt\/\",\"url\":\"https:\/\/babycool.ee\/eng\/tooted\/sugavkulmutatud-babycool-pureekuubikute-juur-ja-koogivilja-komplekt\/\",\"name\":\"BabyCool s\u00fcgavk\u00fcmutatud \\\"JUUR- JA K\u00d6\u00d6GIVILJA KOMPLEKT\\\"\",\"isPartOf\":{\"@id\":\"https:\/\/babycool.ee\/eng\/#website\"},\"primaryImageOfPage\":{\"@id\":\"https:\/\/babycool.ee\/eng\/tooted\/sugavkulmutatud-babycool-pureekuubikute-juur-ja-koogivilja-komplekt\/#primaryimage\"},\"image\":{\"@id\":\"https:\/\/babycool.ee\/eng\/tooted\/sugavkulmutatud-babycool-pureekuubikute-juur-ja-koogivilja-komplekt\/#primaryimage\"},\"thumbnailUrl\":\"https:\/\/babycool.ee\/wp-content\/uploads\/2020\/10\/suvikorvitsapuree-kuubikud-babycool.png\",\"datePublished\":\"2023-02-03T08:56:22+00:00\",\"dateModified\":\"2025-10-21T07:54:28+00:00\",\"description\":\"S\u00fcgavk\u00fclmutatud BabyCool p\u00fcreekuubikute \\\"JUUR-JA K\u00d6\u00d6GIVILJA KOMPLEKT\\\" - komplekti kuulub 6 s\u00fcgavk\u00fclmutatud BabyCool p\u00fcreekuubiku toodet (alates 4+kuud kuni 8+kuud).\",\"breadcrumb\":{\"@id\":\"https:\/\/babycool.ee\/eng\/tooted\/sugavkulmutatud-babycool-pureekuubikute-juur-ja-koogivilja-komplekt\/#breadcrumb\"},\"inLanguage\":\"en-US\",\"potentialAction\":[{\"@type\":\"ReadAction\",\"target\":[\"https:\/\/babycool.ee\/eng\/tooted\/sugavkulmutatud-babycool-pureekuubikute-juur-ja-koogivilja-komplekt\/\"]}]},{\"@type\":\"ImageObject\",\"inLanguage\":\"en-US\",\"@id\":\"https:\/\/babycool.ee\/eng\/tooted\/sugavkulmutatud-babycool-pureekuubikute-juur-ja-koogivilja-komplekt\/#primaryimage\",\"url\":\"https:\/\/babycool.ee\/wp-content\/uploads\/2020\/10\/suvikorvitsapuree-kuubikud-babycool.png\",\"contentUrl\":\"https:\/\/babycool.ee\/wp-content\/uploads\/2020\/10\/suvikorvitsapuree-kuubikud-babycool.png\",\"width\":1200,\"height\":724,\"caption\":\"S\u00fcgavk\u00fclmutatud BabyCool p\u00fcreekuubikute \\\"JUUR-JA K\u00d6\u00d6GIVILJA KOMPLEKT\\\"\"},{\"@type\":\"BreadcrumbList\",\"@id\":\"https:\/\/babycool.ee\/eng\/tooted\/sugavkulmutatud-babycool-pureekuubikute-juur-ja-koogivilja-komplekt\/#breadcrumb\",\"itemListElement\":[{\"@type\":\"ListItem\",\"position\":1,\"name\":\"Home\",\"item\":\"https:\/\/babycool.ee\/babycool-2\/\"},{\"@type\":\"ListItem\",\"position\":2,\"name\":\"S\u00fcgavk\u00fclmutatud BabyCool p\u00fcreekuubikute &#8220;JUUR-JA K\u00d6\u00d6GIVILJA KOMPLEKT&#8221;\"}]},{\"@type\":\"WebSite\",\"@id\":\"https:\/\/babycool.ee\/eng\/#website\",\"url\":\"https:\/\/babycool.ee\/eng\/\",\"name\":\"BabyCool - 100% puhas beebitoit p\u00e4ris loodusest\",\"description\":\"J\u00e4rjekordne WordPressi veebileht\",\"publisher\":{\"@id\":\"https:\/\/babycool.ee\/eng\/#organization\"},\"potentialAction\":[{\"@type\":\"SearchAction\",\"target\":{\"@type\":\"EntryPoint\",\"urlTemplate\":\"https:\/\/babycool.ee\/eng\/?s={search_term_string}\"},\"query-input\":{\"@type\":\"PropertyValueSpecification\",\"valueRequired\":true,\"valueName\":\"search_term_string\"}}],\"inLanguage\":\"en-US\"},{\"@type\":\"Organization\",\"@id\":\"https:\/\/babycool.ee\/eng\/#organization\",\"name\":\"Babycool\",\"url\":\"https:\/\/babycool.ee\/eng\/\",\"logo\":{\"@type\":\"ImageObject\",\"inLanguage\":\"en-US\",\"@id\":\"https:\/\/babycool.ee\/eng\/#\/schema\/logo\/image\/\",\"url\":\"https:\/\/babycool.ee\/wp-content\/uploads\/2020\/09\/babycool-ee-logo-1.jpg\",\"contentUrl\":\"https:\/\/babycool.ee\/wp-content\/uploads\/2020\/09\/babycool-ee-logo-1.jpg\",\"width\":200,\"height\":199,\"caption\":\"Babycool\"},\"image\":{\"@id\":\"https:\/\/babycool.ee\/eng\/#\/schema\/logo\/image\/\"}}]}<\/script>\n<!-- \/ Yoast SEO plugin. -->","yoast_head_json":{"title":"BabyCool s\u00fcgavk\u00fcmutatud \"JUUR- JA K\u00d6\u00d6GIVILJA KOMPLEKT\"","description":"S\u00fcgavk\u00fclmutatud BabyCool p\u00fcreekuubikute \"JUUR-JA K\u00d6\u00d6GIVILJA KOMPLEKT\" - komplekti kuulub 6 s\u00fcgavk\u00fclmutatud BabyCool p\u00fcreekuubiku toodet (alates 4+kuud kuni 8+kuud).","robots":{"index":"index","follow":"follow","max-snippet":"max-snippet:-1","max-image-preview":"max-image-preview:large","max-video-preview":"max-video-preview:-1"},"canonical":"https:\/\/babycool.ee\/eng\/tooted\/sugavkulmutatud-babycool-pureekuubikute-juur-ja-koogivilja-komplekt\/","og_locale":"en_US","og_type":"article","og_title":"BabyCool s\u00fcgavk\u00fcmutatud \"JUUR- JA K\u00d6\u00d6GIVILJA KOMPLEKT\"","og_description":"S\u00fcgavk\u00fclmutatud BabyCool p\u00fcreekuubikute \"JUUR-JA K\u00d6\u00d6GIVILJA KOMPLEKT\" - komplekti kuulub 6 s\u00fcgavk\u00fclmutatud BabyCool p\u00fcreekuubiku toodet (alates 4+kuud kuni 8+kuud).","og_url":"https:\/\/babycool.ee\/eng\/tooted\/sugavkulmutatud-babycool-pureekuubikute-juur-ja-koogivilja-komplekt\/","og_site_name":"BabyCool - 100% puhas beebitoit p\u00e4ris loodusest","article_modified_time":"2025-10-21T07:54:28+00:00","og_image":[{"width":1200,"height":724,"url":"https:\/\/babycool.ee\/wp-content\/uploads\/2020\/10\/suvikorvitsapuree-kuubikud-babycool.png","type":"image\/png"}],"twitter_card":"summary_large_image","twitter_misc":{"Est. reading time":"1 minute"},"schema":{"@context":"https:\/\/schema.org","@graph":[{"@type":"WebPage","@id":"https:\/\/babycool.ee\/eng\/tooted\/sugavkulmutatud-babycool-pureekuubikute-juur-ja-koogivilja-komplekt\/","url":"https:\/\/babycool.ee\/eng\/tooted\/sugavkulmutatud-babycool-pureekuubikute-juur-ja-koogivilja-komplekt\/","name":"BabyCool s\u00fcgavk\u00fcmutatud \"JUUR- JA K\u00d6\u00d6GIVILJA KOMPLEKT\"","isPartOf":{"@id":"https:\/\/babycool.ee\/eng\/#website"},"primaryImageOfPage":{"@id":"https:\/\/babycool.ee\/eng\/tooted\/sugavkulmutatud-babycool-pureekuubikute-juur-ja-koogivilja-komplekt\/#primaryimage"},"image":{"@id":"https:\/\/babycool.ee\/eng\/tooted\/sugavkulmutatud-babycool-pureekuubikute-juur-ja-koogivilja-komplekt\/#primaryimage"},"thumbnailUrl":"https:\/\/babycool.ee\/wp-content\/uploads\/2020\/10\/suvikorvitsapuree-kuubikud-babycool.png","datePublished":"2023-02-03T08:56:22+00:00","dateModified":"2025-10-21T07:54:28+00:00","description":"S\u00fcgavk\u00fclmutatud BabyCool p\u00fcreekuubikute \"JUUR-JA K\u00d6\u00d6GIVILJA KOMPLEKT\" - komplekti kuulub 6 s\u00fcgavk\u00fclmutatud BabyCool p\u00fcreekuubiku toodet (alates 4+kuud kuni 8+kuud).","breadcrumb":{"@id":"https:\/\/babycool.ee\/eng\/tooted\/sugavkulmutatud-babycool-pureekuubikute-juur-ja-koogivilja-komplekt\/#breadcrumb"},"inLanguage":"en-US","potentialAction":[{"@type":"ReadAction","target":["https:\/\/babycool.ee\/eng\/tooted\/sugavkulmutatud-babycool-pureekuubikute-juur-ja-koogivilja-komplekt\/"]}]},{"@type":"ImageObject","inLanguage":"en-US","@id":"https:\/\/babycool.ee\/eng\/tooted\/sugavkulmutatud-babycool-pureekuubikute-juur-ja-koogivilja-komplekt\/#primaryimage","url":"https:\/\/babycool.ee\/wp-content\/uploads\/2020\/10\/suvikorvitsapuree-kuubikud-babycool.png","contentUrl":"https:\/\/babycool.ee\/wp-content\/uploads\/2020\/10\/suvikorvitsapuree-kuubikud-babycool.png","width":1200,"height":724,"caption":"S\u00fcgavk\u00fclmutatud BabyCool p\u00fcreekuubikute \"JUUR-JA K\u00d6\u00d6GIVILJA KOMPLEKT\""},{"@type":"BreadcrumbList","@id":"https:\/\/babycool.ee\/eng\/tooted\/sugavkulmutatud-babycool-pureekuubikute-juur-ja-koogivilja-komplekt\/#breadcrumb","itemListElement":[{"@type":"ListItem","position":1,"name":"Home","item":"https:\/\/babycool.ee\/babycool-2\/"},{"@type":"ListItem","position":2,"name":"S\u00fcgavk\u00fclmutatud BabyCool p\u00fcreekuubikute &#8220;JUUR-JA K\u00d6\u00d6GIVILJA KOMPLEKT&#8221;"}]},{"@type":"WebSite","@id":"https:\/\/babycool.ee\/eng\/#website","url":"https:\/\/babycool.ee\/eng\/","name":"BabyCool - 100% puhas beebitoit p\u00e4ris loodusest","description":"J\u00e4rjekordne WordPressi veebileht","publisher":{"@id":"https:\/\/babycool.ee\/eng\/#organization"},"potentialAction":[{"@type":"SearchAction","target":{"@type":"EntryPoint","urlTemplate":"https:\/\/babycool.ee\/eng\/?s={search_term_string}"},"query-input":{"@type":"PropertyValueSpecification","valueRequired":true,"valueName":"search_term_string"}}],"inLanguage":"en-US"},{"@type":"Organization","@id":"https:\/\/babycool.ee\/eng\/#organization","name":"Babycool","url":"https:\/\/babycool.ee\/eng\/","logo":{"@type":"ImageObject","inLanguage":"en-US","@id":"https:\/\/babycool.ee\/eng\/#\/schema\/logo\/image\/","url":"https:\/\/babycool.ee\/wp-content\/uploads\/2020\/09\/babycool-ee-logo-1.jpg","contentUrl":"https:\/\/babycool.ee\/wp-content\/uploads\/2020\/09\/babycool-ee-logo-1.jpg","width":200,"height":199,"caption":"Babycool"},"image":{"@id":"https:\/\/babycool.ee\/eng\/#\/schema\/logo\/image\/"}}]}},"_links":{"self":[{"href":"https:\/\/babycool.ee\/eng\/wp-json\/wp\/v2\/product\/726942","targetHints":{"allow":["GET"]}}],"collection":[{"href":"https:\/\/babycool.ee\/eng\/wp-json\/wp\/v2\/product"}],"about":[{"href":"https:\/\/babycool.ee\/eng\/wp-json\/wp\/v2\/types\/product"}],"replies":[{"embeddable":true,"href":"https:\/\/babycool.ee\/eng\/wp-json\/wp\/v2\/comments?post=726942"}],"version-history":[{"count":5,"href":"https:\/\/babycool.ee\/eng\/wp-json\/wp\/v2\/product\/726942\/revisions"}],"predecessor-version":[{"id":731357,"href":"https:\/\/babycool.ee\/eng\/wp-json\/wp\/v2\/product\/726942\/revisions\/731357"}],"wp:featuredmedia":[{"embeddable":true,"href":"https:\/\/babycool.ee\/eng\/wp-json\/wp\/v2\/media\/3767"}],"wp:attachment":[{"href":"https:\/\/babycool.ee\/eng\/wp-json\/wp\/v2\/media?parent=726942"}],"wp:term":[{"taxonomy":"product_brand","embeddable":true,"href":"https:\/\/babycool.ee\/eng\/wp-json\/wp\/v2\/product_brand?post=726942"},{"taxonomy":"product_cat","embeddable":true,"href":"https:\/\/babycool.ee\/eng\/wp-json\/wp\/v2\/product_cat?post=726942"},{"taxonomy":"product_tag","embeddable":true,"href":"https:\/\/babycool.ee\/eng\/wp-json\/wp\/v2\/product_tag?post=726942"}],"curies":[{"name":"wp","href":"https:\/\/api.w.org\/{rel}","templated":true}]}}