{"id":6824,"date":"2021-08-31T09:53:18","date_gmt":"2021-08-31T06:53:18","guid":{"rendered":"https:\/\/babycool.ee\/?post_type=product&#038;p=6824"},"modified":"2025-10-21T10:54:33","modified_gmt":"2025-10-21T07:54:33","slug":"babycool-siilikese-pureetuub","status":"publish","type":"product","link":"https:\/\/babycool.ee\/eng\/tooted\/babycool-siilikese-pureetuub\/","title":{"rendered":"BabyCool Hedgehog Reusable Squeeze Pouch"},"content":{"rendered":"<p>Korduvkasutatav p\u00fcreetuub p\u00fcree mugavaks kaasav\u00f5tmiseks ning p\u00fcreekuubikute lihtsamaks kasutamiseks.<\/p>\n<p>P\u00fcreetuubi kasutamine:<\/p>\n<ul>\n<li><strong>pesta enne kasutusele v\u00f5ttu sooja vee all n\u00f5udepesuvahendiga;<\/strong><\/li>\n<\/ul>\n<ul>\n<li><strong>pesta sooja vee all n\u00f5udepesuvahendiga;<\/strong><\/li>\n<li><strong>EI KANNATA N\u00d5UDEPESUMASINAS PESEMIST!\u00a0<\/strong><\/li>\n<li><strong>EI KANNATA MIKROLAINEAHJU!\u00a0<\/strong><\/li>\n<li><strong>P\u00fcree temperatuur, mille panete tuubi ei tohi \u00fcletada +50 kraadi.\u00a0<\/strong><\/li>\n<\/ul>\n<p>VIDEO P\u00dcREETUUBIST:<\/p>\n<div style=\"width: 640px;\" class=\"wp-video\"><!--[if lt IE 9]><script>document.createElement('video');<\/script><![endif]-->\n<video class=\"wp-video-shortcode\" id=\"video-6824-1\" width=\"640\" height=\"360\" preload=\"metadata\" controls=\"controls\"><source type=\"video\/mp4\" src=\"https:\/\/babycool.ee\/wp-content\/uploads\/2021\/08\/pureetuub_siilike_video_helita_V.mp4?_=1\" \/><a href=\"https:\/\/babycool.ee\/wp-content\/uploads\/2021\/08\/pureetuub_siilike_video_helita_V.mp4\">https:\/\/babycool.ee\/wp-content\/uploads\/2021\/08\/pureetuub_siilike_video_helita_V.mp4<\/a><\/video><\/div>\n","protected":false},"excerpt":{"rendered":"<p>Reusable squeeze pouch for convenient way to take puree cubes to go and for easier puree cube usage. \nOn the front side of the pouch you have joyful hedgehog and on the back side of the puree pouch you can write on the white parallel square what is in the pouch or your child's name. From the vertical square you can see how much puree is left in the pouch.<\/p>\n<ul>\n<li><strong>There is room for 4-8 puree cubes to melt in the pouch. It depends on the size of the cubes.<\/strong><\/li>\n<li><strong>There is 150 ml room for puree in the pouch. In the evning take suitalbe puree cubes to melt to the refrigerator in conteiner and in the morning you can put the melted puree into the pouch for taking it to go for breakfast in the car or for a walk if you don't have the time at home.<\/strong><\/li>\n<li><strong>After defrosting and heating, consume immediately, do not re-freeze or reheat.\u00a0<\/strong><\/li>\n<li><strong>Pouch is safe for the food.<\/strong><\/li>\n<\/ul>\n<p>How to Use the Pouch:<\/p>\n<ul>\n<li><strong>wash before use with warm water and dishwashing liquid. Rinse thoroughly.<\/strong><\/li>\n<\/ul>\n<ul>\n<li><strong>after using the pouch, wash it with warm water and dishwashing liquid. Rinse thoroughly.<\/strong><\/li>\n<li><strong>EI KANNATA N\u00d5UDEPESUMASINAS PESEMIST!<\/strong><\/li>\n<li><strong>DO NOT BUT THE POUCH IN TO THE MICROWAVE!\u00a0<\/strong><\/li>\n<li><strong>the temperature of the puree can't be over 50 degrees Celsius when you but it in to the pouch.\u00a0<\/strong><\/li>\n<\/ul>\n<p>Use under parental supervision.<\/p>\n<p>Kui soovid ainult p\u00fcreetuubi tellida, kirjuta annika@babycool.ee. Neid saab saata ka Smartposti pakiautomaati.<\/p>","protected":false},"featured_media":6840,"comment_status":"open","ping_status":"closed","template":"","meta":[],"product_brand":[],"product_cat":[44,48,49,50,65],"product_tag":[],"class_list":{"0":"post-6824","1":"product","2":"type-product","3":"status-publish","4":"has-post-thumbnail","6":"product_cat-4-kuud","7":"product_cat-6-kuud","8":"product_cat-8-kuud","9":"product_cat-9-kuud","10":"product_cat-tarvikud","12":"first","13":"instock","14":"featured","15":"taxable","16":"shipping-taxable","17":"purchasable","18":"product-type-simple"},"yoast_head":"<!-- This site is optimized with the Yoast SEO plugin v27.4 - https:\/\/yoast.com\/product\/yoast-seo-wordpress\/ -->\n<title>BabyCool Siilikese p\u00fcreetuub - korduvkasutatav ja kaasaskantav<\/title>\n<meta name=\"description\" content=\"Korduvkasutatav p\u00fcreetuub p\u00fcree mugavaks kaasav\u00f5tmiseks ning p\u00fcreekuubikute lihtsamaks kasutamiseks. P\u00fcreetuubi esik\u00fcljel r\u00f5\u00f5mustab last tore siilike ning tagak\u00fcljele saab ema kirjutada valgele horisontaalsele alale vajadusel p\u00fcreetuubi sisu ja vertikaalselt alalt on n\u00e4ha palju p\u00fcreed tuubis j\u00e4rgi on.\u00a0\" \/>\n<meta name=\"robots\" content=\"index, follow, max-snippet:-1, max-image-preview:large, max-video-preview:-1\" \/>\n<link rel=\"canonical\" href=\"https:\/\/babycool.ee\/eng\/tooted\/babycool-siilikese-pureetuub\/\" \/>\n<meta property=\"og:locale\" content=\"en_US\" \/>\n<meta property=\"og:type\" content=\"article\" \/>\n<meta property=\"og:title\" content=\"BabyCool Siilikese p\u00fcreetuub - korduvkasutatav ja kaasaskantav\" \/>\n<meta property=\"og:description\" content=\"Korduvkasutatav p\u00fcreetuub p\u00fcree mugavaks kaasav\u00f5tmiseks ning p\u00fcreekuubikute lihtsamaks kasutamiseks. P\u00fcreetuubi esik\u00fcljel r\u00f5\u00f5mustab last tore siilike ning tagak\u00fcljele saab ema kirjutada valgele horisontaalsele alale vajadusel p\u00fcreetuubi sisu ja vertikaalselt alalt on n\u00e4ha palju p\u00fcreed tuubis j\u00e4rgi on.\u00a0\" \/>\n<meta property=\"og:url\" content=\"https:\/\/babycool.ee\/eng\/tooted\/babycool-siilikese-pureetuub\/\" \/>\n<meta property=\"og:site_name\" content=\"BabyCool - 100% puhas beebitoit p\u00e4ris loodusest\" \/>\n<meta property=\"article:modified_time\" content=\"2025-10-21T07:54:33+00:00\" \/>\n<meta property=\"og:image\" content=\"https:\/\/babycool.ee\/wp-content\/uploads\/2021\/08\/pureetuub_siilike_ees_babycool.jpg\" \/>\n\t<meta property=\"og:image:width\" content=\"1200\" \/>\n\t<meta property=\"og:image:height\" content=\"900\" \/>\n\t<meta property=\"og:image:type\" content=\"image\/jpeg\" \/>\n<meta name=\"twitter:card\" content=\"summary_large_image\" \/>\n<meta name=\"twitter:label1\" content=\"Est. reading time\" \/>\n\t<meta name=\"twitter:data1\" content=\"1 minute\" \/>\n<script type=\"application\/ld+json\" class=\"yoast-schema-graph\">{\"@context\":\"https:\\\/\\\/schema.org\",\"@graph\":[{\"@type\":\"WebPage\",\"@id\":\"https:\\\/\\\/babycool.ee\\\/eng\\\/tooted\\\/babycool-siilikese-pureetuub\\\/\",\"url\":\"https:\\\/\\\/babycool.ee\\\/eng\\\/tooted\\\/babycool-siilikese-pureetuub\\\/\",\"name\":\"BabyCool Siilikese p\u00fcreetuub - korduvkasutatav ja kaasaskantav\",\"isPartOf\":{\"@id\":\"https:\\\/\\\/babycool.ee\\\/eng\\\/#website\"},\"primaryImageOfPage\":{\"@id\":\"https:\\\/\\\/babycool.ee\\\/eng\\\/tooted\\\/babycool-siilikese-pureetuub\\\/#primaryimage\"},\"image\":{\"@id\":\"https:\\\/\\\/babycool.ee\\\/eng\\\/tooted\\\/babycool-siilikese-pureetuub\\\/#primaryimage\"},\"thumbnailUrl\":\"https:\\\/\\\/babycool.ee\\\/wp-content\\\/uploads\\\/2021\\\/08\\\/pureetuub_siilike_ees_babycool.jpg\",\"datePublished\":\"2021-08-31T06:53:18+00:00\",\"dateModified\":\"2025-10-21T07:54:33+00:00\",\"description\":\"Korduvkasutatav p\u00fcreetuub p\u00fcree mugavaks kaasav\u00f5tmiseks ning p\u00fcreekuubikute lihtsamaks kasutamiseks. P\u00fcreetuubi esik\u00fcljel r\u00f5\u00f5mustab last tore siilike ning tagak\u00fcljele saab ema kirjutada valgele horisontaalsele alale vajadusel p\u00fcreetuubi sisu ja vertikaalselt alalt on n\u00e4ha palju p\u00fcreed tuubis j\u00e4rgi on.\u00a0\",\"breadcrumb\":{\"@id\":\"https:\\\/\\\/babycool.ee\\\/eng\\\/tooted\\\/babycool-siilikese-pureetuub\\\/#breadcrumb\"},\"inLanguage\":\"en-US\",\"potentialAction\":[{\"@type\":\"ReadAction\",\"target\":[\"https:\\\/\\\/babycool.ee\\\/eng\\\/tooted\\\/babycool-siilikese-pureetuub\\\/\"]}]},{\"@type\":\"ImageObject\",\"inLanguage\":\"en-US\",\"@id\":\"https:\\\/\\\/babycool.ee\\\/eng\\\/tooted\\\/babycool-siilikese-pureetuub\\\/#primaryimage\",\"url\":\"https:\\\/\\\/babycool.ee\\\/wp-content\\\/uploads\\\/2021\\\/08\\\/pureetuub_siilike_ees_babycool.jpg\",\"contentUrl\":\"https:\\\/\\\/babycool.ee\\\/wp-content\\\/uploads\\\/2021\\\/08\\\/pureetuub_siilike_ees_babycool.jpg\",\"width\":1200,\"height\":900,\"caption\":\"p\u00fcreetuub_siilike_ees_babycool\"},{\"@type\":\"BreadcrumbList\",\"@id\":\"https:\\\/\\\/babycool.ee\\\/eng\\\/tooted\\\/babycool-siilikese-pureetuub\\\/#breadcrumb\",\"itemListElement\":[{\"@type\":\"ListItem\",\"position\":1,\"name\":\"Home\",\"item\":\"https:\\\/\\\/babycool.ee\\\/eng\\\/babycool-2\\\/\"},{\"@type\":\"ListItem\",\"position\":2,\"name\":\"BabyCool Siilikese p\u00fcreetuub\"}]},{\"@type\":\"WebSite\",\"@id\":\"https:\\\/\\\/babycool.ee\\\/eng\\\/#website\",\"url\":\"https:\\\/\\\/babycool.ee\\\/eng\\\/\",\"name\":\"BabyCool - 100% puhas beebitoit p\u00e4ris loodusest\",\"description\":\"J\u00e4rjekordne WordPressi veebileht\",\"publisher\":{\"@id\":\"https:\\\/\\\/babycool.ee\\\/eng\\\/#organization\"},\"potentialAction\":[{\"@type\":\"SearchAction\",\"target\":{\"@type\":\"EntryPoint\",\"urlTemplate\":\"https:\\\/\\\/babycool.ee\\\/eng\\\/?s={search_term_string}\"},\"query-input\":{\"@type\":\"PropertyValueSpecification\",\"valueRequired\":true,\"valueName\":\"search_term_string\"}}],\"inLanguage\":\"en-US\"},{\"@type\":\"Organization\",\"@id\":\"https:\\\/\\\/babycool.ee\\\/eng\\\/#organization\",\"name\":\"Babycool\",\"url\":\"https:\\\/\\\/babycool.ee\\\/eng\\\/\",\"logo\":{\"@type\":\"ImageObject\",\"inLanguage\":\"en-US\",\"@id\":\"https:\\\/\\\/babycool.ee\\\/eng\\\/#\\\/schema\\\/logo\\\/image\\\/\",\"url\":\"https:\\\/\\\/babycool.ee\\\/wp-content\\\/uploads\\\/2020\\\/09\\\/babycool-ee-logo-1.jpg\",\"contentUrl\":\"https:\\\/\\\/babycool.ee\\\/wp-content\\\/uploads\\\/2020\\\/09\\\/babycool-ee-logo-1.jpg\",\"width\":200,\"height\":199,\"caption\":\"Babycool\"},\"image\":{\"@id\":\"https:\\\/\\\/babycool.ee\\\/eng\\\/#\\\/schema\\\/logo\\\/image\\\/\"}}]}<\/script>\n<!-- \/ Yoast SEO plugin. -->","yoast_head_json":{"title":"BabyCool Siilikese p\u00fcreetuub - korduvkasutatav ja kaasaskantav","description":"Korduvkasutatav p\u00fcreetuub p\u00fcree mugavaks kaasav\u00f5tmiseks ning p\u00fcreekuubikute lihtsamaks kasutamiseks. P\u00fcreetuubi esik\u00fcljel r\u00f5\u00f5mustab last tore siilike ning tagak\u00fcljele saab ema kirjutada valgele horisontaalsele alale vajadusel p\u00fcreetuubi sisu ja vertikaalselt alalt on n\u00e4ha palju p\u00fcreed tuubis j\u00e4rgi on.\u00a0","robots":{"index":"index","follow":"follow","max-snippet":"max-snippet:-1","max-image-preview":"max-image-preview:large","max-video-preview":"max-video-preview:-1"},"canonical":"https:\/\/babycool.ee\/eng\/tooted\/babycool-siilikese-pureetuub\/","og_locale":"en_US","og_type":"article","og_title":"BabyCool Siilikese p\u00fcreetuub - korduvkasutatav ja kaasaskantav","og_description":"Korduvkasutatav p\u00fcreetuub p\u00fcree mugavaks kaasav\u00f5tmiseks ning p\u00fcreekuubikute lihtsamaks kasutamiseks. P\u00fcreetuubi esik\u00fcljel r\u00f5\u00f5mustab last tore siilike ning tagak\u00fcljele saab ema kirjutada valgele horisontaalsele alale vajadusel p\u00fcreetuubi sisu ja vertikaalselt alalt on n\u00e4ha palju p\u00fcreed tuubis j\u00e4rgi on.\u00a0","og_url":"https:\/\/babycool.ee\/eng\/tooted\/babycool-siilikese-pureetuub\/","og_site_name":"BabyCool - 100% puhas beebitoit p\u00e4ris loodusest","article_modified_time":"2025-10-21T07:54:33+00:00","og_image":[{"width":1200,"height":900,"url":"https:\/\/babycool.ee\/wp-content\/uploads\/2021\/08\/pureetuub_siilike_ees_babycool.jpg","type":"image\/jpeg"}],"twitter_card":"summary_large_image","twitter_misc":{"Est. reading time":"1 minute"},"schema":{"@context":"https:\/\/schema.org","@graph":[{"@type":"WebPage","@id":"https:\/\/babycool.ee\/eng\/tooted\/babycool-siilikese-pureetuub\/","url":"https:\/\/babycool.ee\/eng\/tooted\/babycool-siilikese-pureetuub\/","name":"BabyCool Siilikese p\u00fcreetuub - korduvkasutatav ja kaasaskantav","isPartOf":{"@id":"https:\/\/babycool.ee\/eng\/#website"},"primaryImageOfPage":{"@id":"https:\/\/babycool.ee\/eng\/tooted\/babycool-siilikese-pureetuub\/#primaryimage"},"image":{"@id":"https:\/\/babycool.ee\/eng\/tooted\/babycool-siilikese-pureetuub\/#primaryimage"},"thumbnailUrl":"https:\/\/babycool.ee\/wp-content\/uploads\/2021\/08\/pureetuub_siilike_ees_babycool.jpg","datePublished":"2021-08-31T06:53:18+00:00","dateModified":"2025-10-21T07:54:33+00:00","description":"Korduvkasutatav p\u00fcreetuub p\u00fcree mugavaks kaasav\u00f5tmiseks ning p\u00fcreekuubikute lihtsamaks kasutamiseks. P\u00fcreetuubi esik\u00fcljel r\u00f5\u00f5mustab last tore siilike ning tagak\u00fcljele saab ema kirjutada valgele horisontaalsele alale vajadusel p\u00fcreetuubi sisu ja vertikaalselt alalt on n\u00e4ha palju p\u00fcreed tuubis j\u00e4rgi on.\u00a0","breadcrumb":{"@id":"https:\/\/babycool.ee\/eng\/tooted\/babycool-siilikese-pureetuub\/#breadcrumb"},"inLanguage":"en-US","potentialAction":[{"@type":"ReadAction","target":["https:\/\/babycool.ee\/eng\/tooted\/babycool-siilikese-pureetuub\/"]}]},{"@type":"ImageObject","inLanguage":"en-US","@id":"https:\/\/babycool.ee\/eng\/tooted\/babycool-siilikese-pureetuub\/#primaryimage","url":"https:\/\/babycool.ee\/wp-content\/uploads\/2021\/08\/pureetuub_siilike_ees_babycool.jpg","contentUrl":"https:\/\/babycool.ee\/wp-content\/uploads\/2021\/08\/pureetuub_siilike_ees_babycool.jpg","width":1200,"height":900,"caption":"p\u00fcreetuub_siilike_ees_babycool"},{"@type":"BreadcrumbList","@id":"https:\/\/babycool.ee\/eng\/tooted\/babycool-siilikese-pureetuub\/#breadcrumb","itemListElement":[{"@type":"ListItem","position":1,"name":"Home","item":"https:\/\/babycool.ee\/eng\/babycool-2\/"},{"@type":"ListItem","position":2,"name":"BabyCool Siilikese p\u00fcreetuub"}]},{"@type":"WebSite","@id":"https:\/\/babycool.ee\/eng\/#website","url":"https:\/\/babycool.ee\/eng\/","name":"BabyCool - 100% puhas beebitoit p\u00e4ris loodusest","description":"J\u00e4rjekordne WordPressi veebileht","publisher":{"@id":"https:\/\/babycool.ee\/eng\/#organization"},"potentialAction":[{"@type":"SearchAction","target":{"@type":"EntryPoint","urlTemplate":"https:\/\/babycool.ee\/eng\/?s={search_term_string}"},"query-input":{"@type":"PropertyValueSpecification","valueRequired":true,"valueName":"search_term_string"}}],"inLanguage":"en-US"},{"@type":"Organization","@id":"https:\/\/babycool.ee\/eng\/#organization","name":"Babycool","url":"https:\/\/babycool.ee\/eng\/","logo":{"@type":"ImageObject","inLanguage":"en-US","@id":"https:\/\/babycool.ee\/eng\/#\/schema\/logo\/image\/","url":"https:\/\/babycool.ee\/wp-content\/uploads\/2020\/09\/babycool-ee-logo-1.jpg","contentUrl":"https:\/\/babycool.ee\/wp-content\/uploads\/2020\/09\/babycool-ee-logo-1.jpg","width":200,"height":199,"caption":"Babycool"},"image":{"@id":"https:\/\/babycool.ee\/eng\/#\/schema\/logo\/image\/"}}]}},"_links":{"self":[{"href":"https:\/\/babycool.ee\/eng\/wp-json\/wp\/v2\/product\/6824","targetHints":{"allow":["GET"]}}],"collection":[{"href":"https:\/\/babycool.ee\/eng\/wp-json\/wp\/v2\/product"}],"about":[{"href":"https:\/\/babycool.ee\/eng\/wp-json\/wp\/v2\/types\/product"}],"replies":[{"embeddable":true,"href":"https:\/\/babycool.ee\/eng\/wp-json\/wp\/v2\/comments?post=6824"}],"version-history":[{"count":2,"href":"https:\/\/babycool.ee\/eng\/wp-json\/wp\/v2\/product\/6824\/revisions"}],"predecessor-version":[{"id":731414,"href":"https:\/\/babycool.ee\/eng\/wp-json\/wp\/v2\/product\/6824\/revisions\/731414"}],"wp:featuredmedia":[{"embeddable":true,"href":"https:\/\/babycool.ee\/eng\/wp-json\/wp\/v2\/media\/6840"}],"wp:attachment":[{"href":"https:\/\/babycool.ee\/eng\/wp-json\/wp\/v2\/media?parent=6824"}],"wp:term":[{"taxonomy":"product_brand","embeddable":true,"href":"https:\/\/babycool.ee\/eng\/wp-json\/wp\/v2\/product_brand?post=6824"},{"taxonomy":"product_cat","embeddable":true,"href":"https:\/\/babycool.ee\/eng\/wp-json\/wp\/v2\/product_cat?post=6824"},{"taxonomy":"product_tag","embeddable":true,"href":"https:\/\/babycool.ee\/eng\/wp-json\/wp\/v2\/product_tag?post=6824"}],"curies":[{"name":"wp","href":"https:\/\/api.w.org\/{rel}","templated":true}]}}