{"id":5696,"date":"2021-04-15T14:11:06","date_gmt":"2021-04-15T11:11:06","guid":{"rendered":"https:\/\/babycool.ee\/?post_type=product&#038;p=5696"},"modified":"2026-04-20T14:36:26","modified_gmt":"2026-04-20T11:36:26","slug":"babycool-poll-roheline","status":"publish","type":"product","link":"https:\/\/babycool.ee\/eng\/tooted\/babycool-poll-roheline\/","title":{"rendered":"BabyCool bib, green"},"content":{"rendered":"","protected":false},"excerpt":{"rendered":"<p>At last, we have also come out with the BabyCool bib! It\u2019s a modern bib made from food-grade silicone. A pocket on the front of the bib helps catch food that does not reach the mouth with the first try<br \/>\nThe bib is:<\/p>\n<ul>\n<li>100% from food-grade silicone, FDA and LFGB approved;<\/li>\n<li>BPA free;<\/li>\n<li>easy to clean with soap and water, and dishwasher safe (on the top rack);<\/li>\n<li>adjustable.<\/li>\n<\/ul>\n<p>Age: 6+ months<\/p>\n<p>Use under parental supervision.<\/p>\n<p>Kui soovid ainult p\u00f5lle tellida, kirjuta annika@babycool.ee. Neid saab saata ka Smartposti pakiautomaati.<\/p>","protected":false},"featured_media":5879,"comment_status":"open","ping_status":"closed","template":"","meta":[],"product_brand":[],"product_cat":[48,49,50,65],"product_tag":[],"class_list":{"0":"post-5696","1":"product","2":"type-product","3":"status-publish","4":"has-post-thumbnail","6":"product_cat-6-kuud","7":"product_cat-8-kuud","8":"product_cat-9-kuud","9":"product_cat-tarvikud","11":"first","12":"instock","13":"featured","14":"taxable","15":"shipping-taxable","16":"purchasable","17":"product-type-simple"},"yoast_head":"<!-- This site is optimized with the Yoast SEO plugin v27.4 - https:\/\/yoast.com\/product\/yoast-seo-wordpress\/ -->\n<title>BabyCool p\u00f5ll roheline<\/title>\n<meta name=\"description\" content=\"L\u00f5puks oleme v\u00e4lja tulnud BabyCool p\u00f5llega :) ! Tegemist on moodsa toidusilikoonist p\u00f5llega. Taskuke p\u00f5llel aitab kinni p\u00fc\u00fcda toidu, mis esimese hooga suuni ei taha j\u00f5uda.\" \/>\n<meta name=\"robots\" content=\"index, follow, max-snippet:-1, max-image-preview:large, max-video-preview:-1\" \/>\n<link rel=\"canonical\" href=\"https:\/\/babycool.ee\/eng\/tooted\/babycool-poll-roheline\/\" \/>\n<meta property=\"og:locale\" content=\"en_US\" \/>\n<meta property=\"og:type\" content=\"article\" \/>\n<meta property=\"og:title\" content=\"BabyCool p\u00f5ll roheline\" \/>\n<meta property=\"og:description\" content=\"L\u00f5puks oleme v\u00e4lja tulnud BabyCool p\u00f5llega :) ! Tegemist on moodsa toidusilikoonist p\u00f5llega. Taskuke p\u00f5llel aitab kinni p\u00fc\u00fcda toidu, mis esimese hooga suuni ei taha j\u00f5uda.\" \/>\n<meta property=\"og:url\" content=\"https:\/\/babycool.ee\/eng\/tooted\/babycool-poll-roheline\/\" \/>\n<meta property=\"og:site_name\" content=\"BabyCool - 100% puhas beebitoit p\u00e4ris loodusest\" \/>\n<meta property=\"article:modified_time\" content=\"2026-04-20T11:36:26+00:00\" \/>\n<meta property=\"og:image\" content=\"https:\/\/babycool.ee\/wp-content\/uploads\/2021\/04\/BabyCool-roheline-poll.jpg\" \/>\n\t<meta property=\"og:image:width\" content=\"641\" \/>\n\t<meta property=\"og:image:height\" content=\"427\" \/>\n\t<meta property=\"og:image:type\" content=\"image\/jpeg\" \/>\n<meta name=\"twitter:card\" content=\"summary_large_image\" \/>\n<meta name=\"twitter:label1\" content=\"Est. reading time\" \/>\n\t<meta name=\"twitter:data1\" content=\"1 minute\" \/>\n<script type=\"application\/ld+json\" class=\"yoast-schema-graph\">{\"@context\":\"https:\\\/\\\/schema.org\",\"@graph\":[{\"@type\":\"WebPage\",\"@id\":\"https:\\\/\\\/babycool.ee\\\/eng\\\/tooted\\\/babycool-poll-roheline\\\/\",\"url\":\"https:\\\/\\\/babycool.ee\\\/eng\\\/tooted\\\/babycool-poll-roheline\\\/\",\"name\":\"BabyCool p\u00f5ll roheline\",\"isPartOf\":{\"@id\":\"https:\\\/\\\/babycool.ee\\\/eng\\\/#website\"},\"primaryImageOfPage\":{\"@id\":\"https:\\\/\\\/babycool.ee\\\/eng\\\/tooted\\\/babycool-poll-roheline\\\/#primaryimage\"},\"image\":{\"@id\":\"https:\\\/\\\/babycool.ee\\\/eng\\\/tooted\\\/babycool-poll-roheline\\\/#primaryimage\"},\"thumbnailUrl\":\"https:\\\/\\\/babycool.ee\\\/wp-content\\\/uploads\\\/2021\\\/04\\\/BabyCool-roheline-poll.jpg\",\"datePublished\":\"2021-04-15T11:11:06+00:00\",\"dateModified\":\"2026-04-20T11:36:26+00:00\",\"description\":\"L\u00f5puks oleme v\u00e4lja tulnud BabyCool p\u00f5llega :) ! Tegemist on moodsa toidusilikoonist p\u00f5llega. Taskuke p\u00f5llel aitab kinni p\u00fc\u00fcda toidu, mis esimese hooga suuni ei taha j\u00f5uda.\",\"breadcrumb\":{\"@id\":\"https:\\\/\\\/babycool.ee\\\/eng\\\/tooted\\\/babycool-poll-roheline\\\/#breadcrumb\"},\"inLanguage\":\"en-US\",\"potentialAction\":[{\"@type\":\"ReadAction\",\"target\":[\"https:\\\/\\\/babycool.ee\\\/eng\\\/tooted\\\/babycool-poll-roheline\\\/\"]}]},{\"@type\":\"ImageObject\",\"inLanguage\":\"en-US\",\"@id\":\"https:\\\/\\\/babycool.ee\\\/eng\\\/tooted\\\/babycool-poll-roheline\\\/#primaryimage\",\"url\":\"https:\\\/\\\/babycool.ee\\\/wp-content\\\/uploads\\\/2021\\\/04\\\/BabyCool-roheline-poll.jpg\",\"contentUrl\":\"https:\\\/\\\/babycool.ee\\\/wp-content\\\/uploads\\\/2021\\\/04\\\/BabyCool-roheline-poll.jpg\",\"width\":641,\"height\":427,\"caption\":\"BabyCool roheline p\u00f5ll\"},{\"@type\":\"BreadcrumbList\",\"@id\":\"https:\\\/\\\/babycool.ee\\\/eng\\\/tooted\\\/babycool-poll-roheline\\\/#breadcrumb\",\"itemListElement\":[{\"@type\":\"ListItem\",\"position\":1,\"name\":\"Home\",\"item\":\"https:\\\/\\\/babycool.ee\\\/babycool-2\\\/\"},{\"@type\":\"ListItem\",\"position\":2,\"name\":\"BabyCool p\u00f5ll roheline\"}]},{\"@type\":\"WebSite\",\"@id\":\"https:\\\/\\\/babycool.ee\\\/eng\\\/#website\",\"url\":\"https:\\\/\\\/babycool.ee\\\/eng\\\/\",\"name\":\"BabyCool - 100% puhas beebitoit p\u00e4ris loodusest\",\"description\":\"J\u00e4rjekordne WordPressi veebileht\",\"publisher\":{\"@id\":\"https:\\\/\\\/babycool.ee\\\/eng\\\/#organization\"},\"potentialAction\":[{\"@type\":\"SearchAction\",\"target\":{\"@type\":\"EntryPoint\",\"urlTemplate\":\"https:\\\/\\\/babycool.ee\\\/eng\\\/?s={search_term_string}\"},\"query-input\":{\"@type\":\"PropertyValueSpecification\",\"valueRequired\":true,\"valueName\":\"search_term_string\"}}],\"inLanguage\":\"en-US\"},{\"@type\":\"Organization\",\"@id\":\"https:\\\/\\\/babycool.ee\\\/eng\\\/#organization\",\"name\":\"Babycool\",\"url\":\"https:\\\/\\\/babycool.ee\\\/eng\\\/\",\"logo\":{\"@type\":\"ImageObject\",\"inLanguage\":\"en-US\",\"@id\":\"https:\\\/\\\/babycool.ee\\\/eng\\\/#\\\/schema\\\/logo\\\/image\\\/\",\"url\":\"https:\\\/\\\/babycool.ee\\\/wp-content\\\/uploads\\\/2020\\\/09\\\/babycool-ee-logo-1.jpg\",\"contentUrl\":\"https:\\\/\\\/babycool.ee\\\/wp-content\\\/uploads\\\/2020\\\/09\\\/babycool-ee-logo-1.jpg\",\"width\":200,\"height\":199,\"caption\":\"Babycool\"},\"image\":{\"@id\":\"https:\\\/\\\/babycool.ee\\\/eng\\\/#\\\/schema\\\/logo\\\/image\\\/\"}}]}<\/script>\n<!-- \/ Yoast SEO plugin. -->","yoast_head_json":{"title":"BabyCool bib, green","description":"L\u00f5puks oleme v\u00e4lja tulnud BabyCool p\u00f5llega :) ! Tegemist on moodsa toidusilikoonist p\u00f5llega. Taskuke p\u00f5llel aitab kinni p\u00fc\u00fcda toidu, mis esimese hooga suuni ei taha j\u00f5uda.","robots":{"index":"index","follow":"follow","max-snippet":"max-snippet:-1","max-image-preview":"max-image-preview:large","max-video-preview":"max-video-preview:-1"},"canonical":"https:\/\/babycool.ee\/eng\/tooted\/babycool-poll-roheline\/","og_locale":"en_US","og_type":"article","og_title":"BabyCool p\u00f5ll roheline","og_description":"L\u00f5puks oleme v\u00e4lja tulnud BabyCool p\u00f5llega :) ! Tegemist on moodsa toidusilikoonist p\u00f5llega. Taskuke p\u00f5llel aitab kinni p\u00fc\u00fcda toidu, mis esimese hooga suuni ei taha j\u00f5uda.","og_url":"https:\/\/babycool.ee\/eng\/tooted\/babycool-poll-roheline\/","og_site_name":"BabyCool - 100% puhas beebitoit p\u00e4ris loodusest","article_modified_time":"2026-04-20T11:36:26+00:00","og_image":[{"width":641,"height":427,"url":"https:\/\/babycool.ee\/wp-content\/uploads\/2021\/04\/BabyCool-roheline-poll.jpg","type":"image\/jpeg"}],"twitter_card":"summary_large_image","twitter_misc":{"Est. reading time":"1 minute"},"schema":{"@context":"https:\/\/schema.org","@graph":[{"@type":"WebPage","@id":"https:\/\/babycool.ee\/eng\/tooted\/babycool-poll-roheline\/","url":"https:\/\/babycool.ee\/eng\/tooted\/babycool-poll-roheline\/","name":"BabyCool bib, green","isPartOf":{"@id":"https:\/\/babycool.ee\/eng\/#website"},"primaryImageOfPage":{"@id":"https:\/\/babycool.ee\/eng\/tooted\/babycool-poll-roheline\/#primaryimage"},"image":{"@id":"https:\/\/babycool.ee\/eng\/tooted\/babycool-poll-roheline\/#primaryimage"},"thumbnailUrl":"https:\/\/babycool.ee\/wp-content\/uploads\/2021\/04\/BabyCool-roheline-poll.jpg","datePublished":"2021-04-15T11:11:06+00:00","dateModified":"2026-04-20T11:36:26+00:00","description":"L\u00f5puks oleme v\u00e4lja tulnud BabyCool p\u00f5llega :) ! Tegemist on moodsa toidusilikoonist p\u00f5llega. Taskuke p\u00f5llel aitab kinni p\u00fc\u00fcda toidu, mis esimese hooga suuni ei taha j\u00f5uda.","breadcrumb":{"@id":"https:\/\/babycool.ee\/eng\/tooted\/babycool-poll-roheline\/#breadcrumb"},"inLanguage":"en-US","potentialAction":[{"@type":"ReadAction","target":["https:\/\/babycool.ee\/eng\/tooted\/babycool-poll-roheline\/"]}]},{"@type":"ImageObject","inLanguage":"en-US","@id":"https:\/\/babycool.ee\/eng\/tooted\/babycool-poll-roheline\/#primaryimage","url":"https:\/\/babycool.ee\/wp-content\/uploads\/2021\/04\/BabyCool-roheline-poll.jpg","contentUrl":"https:\/\/babycool.ee\/wp-content\/uploads\/2021\/04\/BabyCool-roheline-poll.jpg","width":641,"height":427,"caption":"BabyCool roheline p\u00f5ll"},{"@type":"BreadcrumbList","@id":"https:\/\/babycool.ee\/eng\/tooted\/babycool-poll-roheline\/#breadcrumb","itemListElement":[{"@type":"ListItem","position":1,"name":"Home","item":"https:\/\/babycool.ee\/babycool-2\/"},{"@type":"ListItem","position":2,"name":"BabyCool p\u00f5ll roheline"}]},{"@type":"WebSite","@id":"https:\/\/babycool.ee\/eng\/#website","url":"https:\/\/babycool.ee\/eng\/","name":"BabyCool - 100% puhas beebitoit p\u00e4ris loodusest","description":"J\u00e4rjekordne WordPressi veebileht","publisher":{"@id":"https:\/\/babycool.ee\/eng\/#organization"},"potentialAction":[{"@type":"SearchAction","target":{"@type":"EntryPoint","urlTemplate":"https:\/\/babycool.ee\/eng\/?s={search_term_string}"},"query-input":{"@type":"PropertyValueSpecification","valueRequired":true,"valueName":"search_term_string"}}],"inLanguage":"en-US"},{"@type":"Organization","@id":"https:\/\/babycool.ee\/eng\/#organization","name":"Babycool","url":"https:\/\/babycool.ee\/eng\/","logo":{"@type":"ImageObject","inLanguage":"en-US","@id":"https:\/\/babycool.ee\/eng\/#\/schema\/logo\/image\/","url":"https:\/\/babycool.ee\/wp-content\/uploads\/2020\/09\/babycool-ee-logo-1.jpg","contentUrl":"https:\/\/babycool.ee\/wp-content\/uploads\/2020\/09\/babycool-ee-logo-1.jpg","width":200,"height":199,"caption":"Babycool"},"image":{"@id":"https:\/\/babycool.ee\/eng\/#\/schema\/logo\/image\/"}}]}},"_links":{"self":[{"href":"https:\/\/babycool.ee\/eng\/wp-json\/wp\/v2\/product\/5696","targetHints":{"allow":["GET"]}}],"collection":[{"href":"https:\/\/babycool.ee\/eng\/wp-json\/wp\/v2\/product"}],"about":[{"href":"https:\/\/babycool.ee\/eng\/wp-json\/wp\/v2\/types\/product"}],"replies":[{"embeddable":true,"href":"https:\/\/babycool.ee\/eng\/wp-json\/wp\/v2\/comments?post=5696"}],"version-history":[{"count":2,"href":"https:\/\/babycool.ee\/eng\/wp-json\/wp\/v2\/product\/5696\/revisions"}],"predecessor-version":[{"id":731415,"href":"https:\/\/babycool.ee\/eng\/wp-json\/wp\/v2\/product\/5696\/revisions\/731415"}],"wp:featuredmedia":[{"embeddable":true,"href":"https:\/\/babycool.ee\/eng\/wp-json\/wp\/v2\/media\/5879"}],"wp:attachment":[{"href":"https:\/\/babycool.ee\/eng\/wp-json\/wp\/v2\/media?parent=5696"}],"wp:term":[{"taxonomy":"product_brand","embeddable":true,"href":"https:\/\/babycool.ee\/eng\/wp-json\/wp\/v2\/product_brand?post=5696"},{"taxonomy":"product_cat","embeddable":true,"href":"https:\/\/babycool.ee\/eng\/wp-json\/wp\/v2\/product_cat?post=5696"},{"taxonomy":"product_tag","embeddable":true,"href":"https:\/\/babycool.ee\/eng\/wp-json\/wp\/v2\/product_tag?post=5696"}],"curies":[{"name":"wp","href":"https:\/\/api.w.org\/{rel}","templated":true}]}}