{"id":6219,"date":"2021-06-10T12:51:59","date_gmt":"2021-06-10T09:51:59","guid":{"rendered":"https:\/\/babycool.ee\/?page_id=6219"},"modified":"2025-01-18T09:42:52","modified_gmt":"2025-01-18T07:42:52","slug":"e-shop","status":"publish","type":"page","link":"https:\/\/babycool.ee\/eng\/e-shop\/","title":{"rendered":"E-Shop"},"content":{"rendered":"<div data-elementor-type=\"wp-post\" data-elementor-id=\"6219\" class=\"elementor elementor-6219\" data-elementor-post-type=\"page\">\n\t\t\t\t\t\t<section class=\"elementor-section elementor-top-section elementor-element elementor-element-4febb28 elementor-section-boxed elementor-section-height-default elementor-section-height-default\" data-id=\"4febb28\" data-element_type=\"section\" data-e-type=\"section\">\n\t\t\t\t\t\t<div class=\"elementor-container elementor-column-gap-default\">\n\t\t\t\t\t<div class=\"elementor-column elementor-col-100 elementor-top-column elementor-element elementor-element-0f76c5f\" data-id=\"0f76c5f\" data-element_type=\"column\" data-e-type=\"column\">\n\t\t\t<div class=\"elementor-widget-wrap elementor-element-populated\">\n\t\t\t\t\t\t<div class=\"elementor-element elementor-element-9c49324 elementor-widget elementor-widget-heading\" data-id=\"9c49324\" data-element_type=\"widget\" data-e-type=\"widget\" data-widget_type=\"heading.default\">\n\t\t\t\t<div class=\"elementor-widget-container\">\n\t\t\t\t\t<h2 class=\"elementor-heading-title elementor-size-default\">Ordering from e-shop<\/h2>\t\t\t\t<\/div>\n\t\t\t\t<\/div>\n\t\t\t\t<div class=\"elementor-element elementor-element-73cfc2a elementor-widget-divider--view-line elementor-widget elementor-widget-divider\" data-id=\"73cfc2a\" data-element_type=\"widget\" data-e-type=\"widget\" data-widget_type=\"divider.default\">\n\t\t\t\t<div class=\"elementor-widget-container\">\n\t\t\t\t\t\t\t<div class=\"elementor-divider\">\n\t\t\t<span class=\"elementor-divider-separator\">\n\t\t\t\t\t\t<\/span>\n\t\t<\/div>\n\t\t\t\t\t\t<\/div>\n\t\t\t\t<\/div>\n\t\t\t\t\t<\/div>\n\t\t<\/div>\n\t\t\t\t\t<\/div>\n\t\t<\/section>\n\t\t\t\t<section class=\"elementor-section elementor-top-section elementor-element elementor-element-112c6d7 elementor-section-boxed elementor-section-height-default elementor-section-height-default\" data-id=\"112c6d7\" data-element_type=\"section\" data-e-type=\"section\">\n\t\t\t\t\t\t<div class=\"elementor-container elementor-column-gap-default\">\n\t\t\t\t\t<div class=\"elementor-column elementor-col-50 elementor-top-column elementor-element elementor-element-b15f254\" data-id=\"b15f254\" data-element_type=\"column\" data-e-type=\"column\">\n\t\t\t<div class=\"elementor-widget-wrap elementor-element-populated\">\n\t\t\t\t\t\t<div class=\"elementor-element elementor-element-e99f9eb elementor-widget elementor-widget-text-editor\" data-id=\"e99f9eb\" data-element_type=\"widget\" data-e-type=\"widget\" data-widget_type=\"text-editor.default\">\n\t\t\t\t<div class=\"elementor-widget-container\">\n\t\t\t\t\t\t\t\t\t<p><span class=\"Y2IQFc\" lang=\"en\">BabyCool puree cubes are transported by courier, departs once a week &#8211; on Wednesday, and orders close on Monday at 23:59. <\/span><\/p><p>In such a case, the goods are expected to reach the customer on Thursday to Saturday of the same week or on Monday to Tuesday of the following week, depending on the size and density of the delivery route. For smaller locations, it may take a bit longer for the transportation company to deliver.<\/p><p>The courier will give a call before bringing the package.<\/p><p>The goods are not delivered to the islands of the Republic of Estonia.<\/p><p><span class=\"Y2IQFc\" lang=\"en\">In Saaremaa, you can pick up your order at the factory by prior arrangement at 506 0643. You can find detailed ordering and transport information at the product page. Now scroll down and you will find the puree cubes!<\/span><\/p>\t\t\t\t\t\t\t\t<\/div>\n\t\t\t\t<\/div>\n\t\t\t\t\t<\/div>\n\t\t<\/div>\n\t\t\t\t<div class=\"elementor-column elementor-col-50 elementor-top-column elementor-element elementor-element-d1c20f6\" data-id=\"d1c20f6\" data-element_type=\"column\" data-e-type=\"column\">\n\t\t\t<div class=\"elementor-widget-wrap elementor-element-populated\">\n\t\t\t\t\t\t\t<\/div>\n\t\t<\/div>\n\t\t\t\t\t<\/div>\n\t\t<\/section>\n\t\t\t\t<section class=\"elementor-section elementor-top-section elementor-element elementor-element-125ba01 elementor-section-boxed elementor-section-height-default elementor-section-height-default\" data-id=\"125ba01\" data-element_type=\"section\" data-e-type=\"section\">\n\t\t\t\t\t\t<div class=\"elementor-container elementor-column-gap-default\">\n\t\t\t\t\t<div class=\"elementor-column elementor-col-25 elementor-top-column elementor-element elementor-element-485bbe5\" data-id=\"485bbe5\" data-element_type=\"column\" data-e-type=\"column\">\n\t\t\t<div class=\"elementor-widget-wrap elementor-element-populated\">\n\t\t\t\t\t\t<div class=\"elementor-element elementor-element-abd62d3 bdt-icon-type-icon elementor-position-top bdt-icon-effect-none elementor-widget elementor-widget-bdt-advanced-icon-box\" data-id=\"abd62d3\" data-element_type=\"widget\" data-e-type=\"widget\" data-widget_type=\"bdt-advanced-icon-box.default\">\n\t\t\t\t<div class=\"elementor-widget-container\">\n\t\t\t\t\t\t\t<div class=\"bdt-ep-advanced-icon-box\">\n\n\t\t\t\t\t\t\t\n\t\t\t\t\t\t\t<div class=\"bdt-ep-advanced-icon-box-icon\">\n\t\t\t\t\t<span class=\"bdt-ep-advanced-icon-box-icon-wrap\">\n\n\n\t\t\t\t\t\t\n\t\t\t\t\t\t\t<i aria-hidden=\"true\" class=\"far fa-heart\"><\/i>\n\n\t\t\t\t\t\t\t\t\t\t\t<\/span>\n\t\t\t\t<\/div>\n\t\t\t\n\t\t\t\t\t\n\t\t\t<div class=\"bdt-ep-advanced-icon-box-content\">\n\n\t\t\t\t\t\t\t\t\t\n\t\t\t\t<h3 class=\"bdt-ep-advanced-icon-box-title\">\n\t\t\t\t<span >\n\t\t\t\t\tFree shipping\t\t\t\t<\/span>\n\t\t\t<\/h3>\n\t\t\n\n\t\t\n\t\t\t\t\t\t\n\t\t\t\t\n\t\t\t\t\t\t\t\t\t<div class=\"bdt-ep-advanced-icon-box-description\">\n\t\t\t\t\t\t<p>For orders over \u20ac 90 shipping is free of charge.\u00a0<\/p><p>Orders over \u20ac 60 will receive gift (BabyCool Hedgehog Reusable Squeeze Pouch<span style=\"font-size: 16px;\">).<\/span><\/p>\t\t\t\t\t<\/div>\n\t\t\t\t\n\t\t\t\t\t\t\t<\/div>\n\t\t<\/div>\n\n\t\t\n\t\t\n\t\t\t\t\t\t<\/div>\n\t\t\t\t<\/div>\n\t\t\t\t\t<\/div>\n\t\t<\/div>\n\t\t\t\t<div class=\"elementor-column elementor-col-25 elementor-top-column elementor-element elementor-element-7fc8495\" data-id=\"7fc8495\" data-element_type=\"column\" data-e-type=\"column\">\n\t\t\t<div class=\"elementor-widget-wrap elementor-element-populated\">\n\t\t\t\t\t\t<div class=\"elementor-element elementor-element-515cf5c bdt-icon-type-icon elementor-position-top bdt-icon-effect-none elementor-widget elementor-widget-bdt-advanced-icon-box\" data-id=\"515cf5c\" data-element_type=\"widget\" data-e-type=\"widget\" data-widget_type=\"bdt-advanced-icon-box.default\">\n\t\t\t\t<div class=\"elementor-widget-container\">\n\t\t\t\t\t\t\t<div class=\"bdt-ep-advanced-icon-box\">\n\n\t\t\t\t\t\t\t\n\t\t\t\t\t\t\t<div class=\"bdt-ep-advanced-icon-box-icon\">\n\t\t\t\t\t<span class=\"bdt-ep-advanced-icon-box-icon-wrap\">\n\n\n\t\t\t\t\t\t\n\t\t\t\t\t\t\t<i aria-hidden=\"true\" class=\"far fa-clock\"><\/i>\n\n\t\t\t\t\t\t\t\t\t\t\t<\/span>\n\t\t\t\t<\/div>\n\t\t\t\n\t\t\t\t\t\n\t\t\t<div class=\"bdt-ep-advanced-icon-box-content\">\n\n\t\t\t\t\t\t\t\t\t\n\t\t\t\t<h3 class=\"bdt-ep-advanced-icon-box-title\">\n\t\t\t\t<span >\n\t\t\t\t\tShipping on Wednesday\t\t\t\t<\/span>\n\t\t\t<\/h3>\n\t\t\n\n\t\t\n\t\t\t\t\t\t\n\t\t\t\t\n\t\t\t\t\t\t\t\t\t<div class=\"bdt-ep-advanced-icon-box-description\">\n\t\t\t\t\t\t<p>Place your order by Monday evening at 23.59.<\/p>\t\t\t\t\t<\/div>\n\t\t\t\t\n\t\t\t\t\t\t\t<\/div>\n\t\t<\/div>\n\n\t\t\n\t\t\n\t\t\t\t\t\t<\/div>\n\t\t\t\t<\/div>\n\t\t\t\t\t<\/div>\n\t\t<\/div>\n\t\t\t\t<div class=\"elementor-column elementor-col-25 elementor-top-column elementor-element elementor-element-51de8dd\" data-id=\"51de8dd\" data-element_type=\"column\" data-e-type=\"column\">\n\t\t\t<div class=\"elementor-widget-wrap elementor-element-populated\">\n\t\t\t\t\t\t<div class=\"elementor-element elementor-element-5182ffa bdt-icon-type-icon elementor-position-top bdt-icon-effect-none elementor-widget elementor-widget-bdt-advanced-icon-box\" data-id=\"5182ffa\" data-element_type=\"widget\" data-e-type=\"widget\" data-widget_type=\"bdt-advanced-icon-box.default\">\n\t\t\t\t<div class=\"elementor-widget-container\">\n\t\t\t\t\t\t\t<div class=\"bdt-ep-advanced-icon-box\">\n\n\t\t\t\t\t\t\t\n\t\t\t\t\t\t\t<div class=\"bdt-ep-advanced-icon-box-icon\">\n\t\t\t\t\t<span class=\"bdt-ep-advanced-icon-box-icon-wrap\">\n\n\n\t\t\t\t\t\t\n\t\t\t\t\t\t\t<i aria-hidden=\"true\" class=\"fas fa-car-side\"><\/i>\n\n\t\t\t\t\t\t\t\t\t\t\t<\/span>\n\t\t\t\t<\/div>\n\t\t\t\n\t\t\t\t\t\n\t\t\t<div class=\"bdt-ep-advanced-icon-box-content\">\n\n\t\t\t\t\t\t\t\t\t\n\t\t\t\t<h3 class=\"bdt-ep-advanced-icon-box-title\">\n\t\t\t\t<span >\n\t\t\t\t\tShipping cost\t\t\t\t<\/span>\n\t\t\t<\/h3>\n\t\t\n\n\t\t\n\t\t\t\t\t\t\n\t\t\t\t\n\t\t\t\t\t\t\t\t\t<div class=\"bdt-ep-advanced-icon-box-description\">\n\t\t\t\t\t\t<p>Purchase up to \u20ac 29,99 \u2013 Shipping \u20ac 9,99<\/p><p>Purchase up to \u20ac 89,99 \u2013 Shipping \u20ac 6,90<span style=\"font-size: 16px; color: rgb(51, 51, 51);\"><\/span><\/p>\t\t\t\t\t<\/div>\n\t\t\t\t\n\t\t\t\t\t\t\t<\/div>\n\t\t<\/div>\n\n\t\t\n\t\t\n\t\t\t\t\t\t<\/div>\n\t\t\t\t<\/div>\n\t\t\t\t\t<\/div>\n\t\t<\/div>\n\t\t\t\t<div class=\"elementor-column elementor-col-25 elementor-top-column elementor-element elementor-element-c127bde\" data-id=\"c127bde\" data-element_type=\"column\" data-e-type=\"column\">\n\t\t\t<div class=\"elementor-widget-wrap elementor-element-populated\">\n\t\t\t\t\t\t<div class=\"elementor-element elementor-element-bf1fca7 bdt-icon-type-icon elementor-position-top bdt-icon-effect-none elementor-widget elementor-widget-bdt-advanced-icon-box\" data-id=\"bf1fca7\" data-element_type=\"widget\" data-e-type=\"widget\" data-widget_type=\"bdt-advanced-icon-box.default\">\n\t\t\t\t<div class=\"elementor-widget-container\">\n\t\t\t\t\t\t\t<div class=\"bdt-ep-advanced-icon-box\">\n\n\t\t\t\t\t\t\t\n\t\t\t\t\t\t\t<div class=\"bdt-ep-advanced-icon-box-icon\">\n\t\t\t\t\t<span class=\"bdt-ep-advanced-icon-box-icon-wrap\">\n\n\n\t\t\t\t\t\t\n\t\t\t\t\t\t\t<i aria-hidden=\"true\" class=\"fas fa-city\"><\/i>\n\n\t\t\t\t\t\t\t\t\t\t\t<\/span>\n\t\t\t\t<\/div>\n\t\t\t\n\t\t\t\t\t\n\t\t\t<div class=\"bdt-ep-advanced-icon-box-content\">\n\n\t\t\t\t\t\t\t\t\t\n\t\t\t\t<h3 class=\"bdt-ep-advanced-icon-box-title\">\n\t\t\t\t<span >\n\t\t\t\t\tFactory pick-up\t\t\t\t<\/span>\n\t\t\t<\/h3>\n\t\t\n\n\t\t\n\t\t\t\t\t\t\n\t\t\t\t\n\t\t\t\t\t\t\t\t\t<div class=\"bdt-ep-advanced-icon-box-description\">\n\t\t\t\t\t\t<p>Products issued from the factory can be collected on Tuesday and Thursday, 10.00 &#8211; 15.00\u00a0<\/p>\t\t\t\t\t<\/div>\n\t\t\t\t\n\t\t\t\t\t\t\t<\/div>\n\t\t<\/div>\n\n\t\t\n\t\t\n\t\t\t\t\t\t<\/div>\n\t\t\t\t<\/div>\n\t\t\t\t\t<\/div>\n\t\t<\/div>\n\t\t\t\t\t<\/div>\n\t\t<\/section>\n\t\t\t\t<section class=\"elementor-section elementor-top-section elementor-element elementor-element-5547797 elementor-section-boxed elementor-section-height-default elementor-section-height-default\" data-id=\"5547797\" data-element_type=\"section\" data-e-type=\"section\">\n\t\t\t\t\t\t<div class=\"elementor-container elementor-column-gap-default\">\n\t\t\t\t\t<div class=\"elementor-column elementor-col-100 elementor-top-column elementor-element elementor-element-476b653\" data-id=\"476b653\" data-element_type=\"column\" data-e-type=\"column\">\n\t\t\t<div class=\"elementor-widget-wrap elementor-element-populated\">\n\t\t\t\t\t\t<div class=\"elementor-element elementor-element-c9f9f45 elementor-widget elementor-widget-heading\" data-id=\"c9f9f45\" data-element_type=\"widget\" data-e-type=\"widget\" data-widget_type=\"heading.default\">\n\t\t\t\t<div class=\"elementor-widget-container\">\n\t\t\t\t\t<h2 class=\"elementor-heading-title elementor-size-default\">E-shop<\/h2>\t\t\t\t<\/div>\n\t\t\t\t<\/div>\n\t\t\t\t<div class=\"elementor-element elementor-element-2d4b676 elementor-widget-divider--view-line elementor-widget elementor-widget-divider\" data-id=\"2d4b676\" data-element_type=\"widget\" data-e-type=\"widget\" data-widget_type=\"divider.default\">\n\t\t\t\t<div class=\"elementor-widget-container\">\n\t\t\t\t\t\t\t<div class=\"elementor-divider\">\n\t\t\t<span class=\"elementor-divider-separator\">\n\t\t\t\t\t\t<\/span>\n\t\t<\/div>\n\t\t\t\t\t\t<\/div>\n\t\t\t\t<\/div>\n\t\t\t\t<div class=\"elementor-element elementor-element-d878a3b elementor-widget elementor-widget-html\" data-id=\"d878a3b\" data-element_type=\"widget\" data-e-type=\"widget\" data-widget_type=\"html.default\">\n\t\t\t\t<div class=\"elementor-widget-container\">\n\t\t\t\t\t<div id=\"indicators\">\n<link rel=\"stylesheet\" href=\"https:\/\/maxcdn.bootstrapcdn.com\/bootstrap\/3.4.1\/css\/bootstrap.min.css\">\n\n\n<div class=\"row\">\n \n  <div class=\"col-xs-2\">\n<span class=\"upcoming down dot-sinfoniekonzerte\" style=\"height: 15px;width: 25px;border-radius: 50%; display: inline-block;margin-top: 20px;\"><i class=\"fas fa-baby\" style=\"font-size: 25px;color:#3AB18E\"><\/i>\n\n<\/span><a href=\"\/e-pood\" style=\"color: black\"><span class=\"eventsupper\">All Products<\/span><\/a>\n  <\/div>\n  \n  \n  <div class=\"col-xs-2\">\n<span class=\"upcoming down dot-sinfoniekonzerte\" style=\"height: 15px;width: 25px;border-radius: 50%; display: inline-block;margin-top: 20px;\"><i class=\"fas fa-baby\" style=\"font-size: 25px; color:#877AA4\"><\/i>\n\n\t  <\/span><a href=\"\/product-category\/4-kuud\/\" style=\"color: black\"><span class=\"eventsupper\">4+ months<\/span><\/a>\n  <\/div>\n  \n  <div class=\"col-xs-2\">\n<span class=\"upcoming down dot-sinfoniekonzerte\" style=\"height: 15px;width: 25px;border-radius: 50%; display: inline-block;margin-top: 20px;\"><i class=\"fas fa-baby\" style=\"font-size: 25px; color:#CCBA3E\"><\/i>\n\n<\/span><a href=\"\/product-category\/6-kuud\/\" style=\"color: black\"><span class=\"eventsupper\">6+ months<\/span><\/a>\n  <\/div>\n  \n  <div class=\"col-xs-2\">\n<span class=\"upcoming down dot-sinfoniekonzerte\" style=\"height: 15px;width: 25px;border-radius: 50%; display: inline-block;margin-top: 20px;\"><i class=\"fas fa-baby\" style=\"font-size: 25px; color: #E37670\"><\/i>\n\n<\/span><a href=\"\/product-category\/8-kuud\/\" style=\"color: black\"><span class=\"eventsupper\">8+ months<\/span><\/a>\n  <\/div>\n  \n  <div class=\"col-xs-2\">\n<span class=\"upcoming down dot-sinfoniekonzerte\" style=\"height: 15px;width: 25px;border-radius: 50%; display: inline-block;margin-top: 20px;\"><i class=\"fas fa-baby\" style=\"font-size: 25px; color: #3A835E\"><\/i>\n\n<\/span><a href=\"\/product-category\/9-kuud\/\" style=\"color: black\"><span class=\"eventsupper\">9+ months<\/span><\/a>\n  <\/div>\n  \n  \n\n<\/div>\n<\/div>\t\t\t\t\t<\/div>\n\t\t\t\t<\/div>\n\t\t\t\t\t<\/div>\n\t\t<\/div>\n\t\t\t\t\t<\/div>\n\t\t<\/section>\n\t\t\t\t<section class=\"elementor-section elementor-top-section elementor-element elementor-element-78ab16d elementor-section-boxed elementor-section-height-default elementor-section-height-default\" data-id=\"78ab16d\" data-element_type=\"section\" data-e-type=\"section\">\n\t\t\t\t\t\t<div class=\"elementor-container elementor-column-gap-default\">\n\t\t\t\t\t<div class=\"elementor-column elementor-col-100 elementor-top-column elementor-element elementor-element-217ccf4\" data-id=\"217ccf4\" data-element_type=\"column\" data-e-type=\"column\">\n\t\t\t<div class=\"elementor-widget-wrap\">\n\t\t\t\t\t\t\t<\/div>\n\t\t<\/div>\n\t\t\t\t\t<\/div>\n\t\t<\/section>\n\t\t\t\t<\/div>","protected":false},"excerpt":{"rendered":"<p>Ordering from e-shop BabyCool puree cubes are transported by courier, departs once a week &#8211; on Wednesday, and orders close on Monday at 23:59. In such a case, the goods are expected to reach the customer on Thursday to Saturday of the same week or on Monday to Tuesday of the following week, depending on the size and density of the delivery route. For smaller locations, it may take a bit longer for the transportation[&#8230;]<\/p>\n","protected":false},"author":3,"featured_media":0,"parent":0,"menu_order":0,"comment_status":"closed","ping_status":"closed","template":"","meta":{"footnotes":""},"class_list":["post-6219","page","type-page","status-publish","hentry"],"yoast_head":"<!-- This site is optimized with the Yoast SEO plugin v27.4 - https:\/\/yoast.com\/product\/yoast-seo-wordpress\/ -->\n<title>Babycool tooted - 100% puhas beebitoit p\u00e4ris loodusest<\/title>\n<meta name=\"description\" content=\"Babycool tooted on s\u00fcgavk\u00fclmutatud p\u00fcreekuubikud, mida lapsevanem saab soojendada oma lapsele ja anda v\u00e4rsket toitu s\u00fc\u00fca.\" \/>\n<meta name=\"robots\" content=\"index, follow, max-snippet:-1, max-image-preview:large, max-video-preview:-1\" \/>\n<link rel=\"canonical\" href=\"https:\/\/babycool.ee\/eng\/e-shop\/\" \/>\n<meta property=\"og:locale\" content=\"en_US\" \/>\n<meta property=\"og:type\" content=\"article\" \/>\n<meta property=\"og:title\" content=\"Babycool tooted - 100% puhas beebitoit p\u00e4ris loodusest\" \/>\n<meta property=\"og:description\" content=\"Babycool tooted on s\u00fcgavk\u00fclmutatud p\u00fcreekuubikud, mida lapsevanem saab soojendada oma lapsele ja anda v\u00e4rsket toitu s\u00fc\u00fca.\" \/>\n<meta property=\"og:url\" content=\"https:\/\/babycool.ee\/eng\/e-shop\/\" \/>\n<meta property=\"og:site_name\" content=\"BabyCool - 100% puhas beebitoit p\u00e4ris loodusest\" \/>\n<meta property=\"article:modified_time\" content=\"2025-01-18T07:42:52+00:00\" \/>\n<meta property=\"og:image\" content=\"https:\/\/babycool.ee\/wp-content\/uploads\/2021\/09\/BabyCool_stardikomplekt-300x300.png\" \/>\n<meta name=\"twitter:card\" content=\"summary_large_image\" \/>\n<meta name=\"twitter:label1\" content=\"Est. reading time\" \/>\n\t<meta name=\"twitter:data1\" content=\"9 minutes\" \/>\n<script type=\"application\/ld+json\" class=\"yoast-schema-graph\">{\"@context\":\"https:\\\/\\\/schema.org\",\"@graph\":[{\"@type\":\"WebPage\",\"@id\":\"https:\\\/\\\/babycool.ee\\\/eng\\\/e-shop\\\/\",\"url\":\"https:\\\/\\\/babycool.ee\\\/eng\\\/e-shop\\\/\",\"name\":\"Babycool tooted - 100% puhas beebitoit p\u00e4ris loodusest\",\"isPartOf\":{\"@id\":\"https:\\\/\\\/babycool.ee\\\/eng\\\/#website\"},\"primaryImageOfPage\":{\"@id\":\"https:\\\/\\\/babycool.ee\\\/eng\\\/e-shop\\\/#primaryimage\"},\"image\":{\"@id\":\"https:\\\/\\\/babycool.ee\\\/eng\\\/e-shop\\\/#primaryimage\"},\"thumbnailUrl\":\"https:\\\/\\\/babycool.ee\\\/wp-content\\\/uploads\\\/2021\\\/09\\\/BabyCool_stardikomplekt-300x300.png\",\"datePublished\":\"2021-06-10T09:51:59+00:00\",\"dateModified\":\"2025-01-18T07:42:52+00:00\",\"description\":\"Babycool tooted on s\u00fcgavk\u00fclmutatud p\u00fcreekuubikud, mida lapsevanem saab soojendada oma lapsele ja anda v\u00e4rsket toitu s\u00fc\u00fca.\",\"breadcrumb\":{\"@id\":\"https:\\\/\\\/babycool.ee\\\/eng\\\/e-shop\\\/#breadcrumb\"},\"inLanguage\":\"en-US\",\"potentialAction\":[{\"@type\":\"ReadAction\",\"target\":[\"https:\\\/\\\/babycool.ee\\\/eng\\\/e-shop\\\/\"]}]},{\"@type\":\"ImageObject\",\"inLanguage\":\"en-US\",\"@id\":\"https:\\\/\\\/babycool.ee\\\/eng\\\/e-shop\\\/#primaryimage\",\"url\":\"https:\\\/\\\/babycool.ee\\\/wp-content\\\/uploads\\\/2021\\\/09\\\/BabyCool_stardikomplekt-300x300.png\",\"contentUrl\":\"https:\\\/\\\/babycool.ee\\\/wp-content\\\/uploads\\\/2021\\\/09\\\/BabyCool_stardikomplekt-300x300.png\"},{\"@type\":\"BreadcrumbList\",\"@id\":\"https:\\\/\\\/babycool.ee\\\/eng\\\/e-shop\\\/#breadcrumb\",\"itemListElement\":[{\"@type\":\"ListItem\",\"position\":1,\"name\":\"Home\",\"item\":\"https:\\\/\\\/babycool.ee\\\/babycool-2\\\/\"},{\"@type\":\"ListItem\",\"position\":2,\"name\":\"E-Shop\"}]},{\"@type\":\"WebSite\",\"@id\":\"https:\\\/\\\/babycool.ee\\\/eng\\\/#website\",\"url\":\"https:\\\/\\\/babycool.ee\\\/eng\\\/\",\"name\":\"BabyCool - 100% puhas beebitoit p\u00e4ris loodusest\",\"description\":\"J\u00e4rjekordne WordPressi veebileht\",\"publisher\":{\"@id\":\"https:\\\/\\\/babycool.ee\\\/eng\\\/#organization\"},\"potentialAction\":[{\"@type\":\"SearchAction\",\"target\":{\"@type\":\"EntryPoint\",\"urlTemplate\":\"https:\\\/\\\/babycool.ee\\\/eng\\\/?s={search_term_string}\"},\"query-input\":{\"@type\":\"PropertyValueSpecification\",\"valueRequired\":true,\"valueName\":\"search_term_string\"}}],\"inLanguage\":\"en-US\"},{\"@type\":\"Organization\",\"@id\":\"https:\\\/\\\/babycool.ee\\\/eng\\\/#organization\",\"name\":\"Babycool\",\"url\":\"https:\\\/\\\/babycool.ee\\\/eng\\\/\",\"logo\":{\"@type\":\"ImageObject\",\"inLanguage\":\"en-US\",\"@id\":\"https:\\\/\\\/babycool.ee\\\/eng\\\/#\\\/schema\\\/logo\\\/image\\\/\",\"url\":\"https:\\\/\\\/babycool.ee\\\/wp-content\\\/uploads\\\/2020\\\/09\\\/babycool-ee-logo-1.jpg\",\"contentUrl\":\"https:\\\/\\\/babycool.ee\\\/wp-content\\\/uploads\\\/2020\\\/09\\\/babycool-ee-logo-1.jpg\",\"width\":200,\"height\":199,\"caption\":\"Babycool\"},\"image\":{\"@id\":\"https:\\\/\\\/babycool.ee\\\/eng\\\/#\\\/schema\\\/logo\\\/image\\\/\"}}]}<\/script>\n<!-- \/ Yoast SEO plugin. -->","yoast_head_json":{"title":"Babycool tooted - 100% puhas beebitoit p\u00e4ris loodusest","description":"Babycool tooted on s\u00fcgavk\u00fclmutatud p\u00fcreekuubikud, mida lapsevanem saab soojendada oma lapsele ja anda v\u00e4rsket toitu s\u00fc\u00fca.","robots":{"index":"index","follow":"follow","max-snippet":"max-snippet:-1","max-image-preview":"max-image-preview:large","max-video-preview":"max-video-preview:-1"},"canonical":"https:\/\/babycool.ee\/eng\/e-shop\/","og_locale":"en_US","og_type":"article","og_title":"Babycool tooted - 100% puhas beebitoit p\u00e4ris loodusest","og_description":"Babycool tooted on s\u00fcgavk\u00fclmutatud p\u00fcreekuubikud, mida lapsevanem saab soojendada oma lapsele ja anda v\u00e4rsket toitu s\u00fc\u00fca.","og_url":"https:\/\/babycool.ee\/eng\/e-shop\/","og_site_name":"BabyCool - 100% puhas beebitoit p\u00e4ris loodusest","article_modified_time":"2025-01-18T07:42:52+00:00","og_image":[{"url":"https:\/\/babycool.ee\/wp-content\/uploads\/2021\/09\/BabyCool_stardikomplekt-300x300.png","type":"","width":"","height":""}],"twitter_card":"summary_large_image","twitter_misc":{"Est. reading time":"9 minutes"},"schema":{"@context":"https:\/\/schema.org","@graph":[{"@type":"WebPage","@id":"https:\/\/babycool.ee\/eng\/e-shop\/","url":"https:\/\/babycool.ee\/eng\/e-shop\/","name":"Babycool tooted - 100% puhas beebitoit p\u00e4ris loodusest","isPartOf":{"@id":"https:\/\/babycool.ee\/eng\/#website"},"primaryImageOfPage":{"@id":"https:\/\/babycool.ee\/eng\/e-shop\/#primaryimage"},"image":{"@id":"https:\/\/babycool.ee\/eng\/e-shop\/#primaryimage"},"thumbnailUrl":"https:\/\/babycool.ee\/wp-content\/uploads\/2021\/09\/BabyCool_stardikomplekt-300x300.png","datePublished":"2021-06-10T09:51:59+00:00","dateModified":"2025-01-18T07:42:52+00:00","description":"Babycool tooted on s\u00fcgavk\u00fclmutatud p\u00fcreekuubikud, mida lapsevanem saab soojendada oma lapsele ja anda v\u00e4rsket toitu s\u00fc\u00fca.","breadcrumb":{"@id":"https:\/\/babycool.ee\/eng\/e-shop\/#breadcrumb"},"inLanguage":"en-US","potentialAction":[{"@type":"ReadAction","target":["https:\/\/babycool.ee\/eng\/e-shop\/"]}]},{"@type":"ImageObject","inLanguage":"en-US","@id":"https:\/\/babycool.ee\/eng\/e-shop\/#primaryimage","url":"https:\/\/babycool.ee\/wp-content\/uploads\/2021\/09\/BabyCool_stardikomplekt-300x300.png","contentUrl":"https:\/\/babycool.ee\/wp-content\/uploads\/2021\/09\/BabyCool_stardikomplekt-300x300.png"},{"@type":"BreadcrumbList","@id":"https:\/\/babycool.ee\/eng\/e-shop\/#breadcrumb","itemListElement":[{"@type":"ListItem","position":1,"name":"Home","item":"https:\/\/babycool.ee\/babycool-2\/"},{"@type":"ListItem","position":2,"name":"E-Shop"}]},{"@type":"WebSite","@id":"https:\/\/babycool.ee\/eng\/#website","url":"https:\/\/babycool.ee\/eng\/","name":"BabyCool - 100% puhas beebitoit p\u00e4ris loodusest","description":"J\u00e4rjekordne WordPressi veebileht","publisher":{"@id":"https:\/\/babycool.ee\/eng\/#organization"},"potentialAction":[{"@type":"SearchAction","target":{"@type":"EntryPoint","urlTemplate":"https:\/\/babycool.ee\/eng\/?s={search_term_string}"},"query-input":{"@type":"PropertyValueSpecification","valueRequired":true,"valueName":"search_term_string"}}],"inLanguage":"en-US"},{"@type":"Organization","@id":"https:\/\/babycool.ee\/eng\/#organization","name":"Babycool","url":"https:\/\/babycool.ee\/eng\/","logo":{"@type":"ImageObject","inLanguage":"en-US","@id":"https:\/\/babycool.ee\/eng\/#\/schema\/logo\/image\/","url":"https:\/\/babycool.ee\/wp-content\/uploads\/2020\/09\/babycool-ee-logo-1.jpg","contentUrl":"https:\/\/babycool.ee\/wp-content\/uploads\/2020\/09\/babycool-ee-logo-1.jpg","width":200,"height":199,"caption":"Babycool"},"image":{"@id":"https:\/\/babycool.ee\/eng\/#\/schema\/logo\/image\/"}}]}},"lang":"eng","translations":{"eng":6219},"_links":{"self":[{"href":"https:\/\/babycool.ee\/eng\/wp-json\/wp\/v2\/pages\/6219","targetHints":{"allow":["GET"]}}],"collection":[{"href":"https:\/\/babycool.ee\/eng\/wp-json\/wp\/v2\/pages"}],"about":[{"href":"https:\/\/babycool.ee\/eng\/wp-json\/wp\/v2\/types\/page"}],"author":[{"embeddable":true,"href":"https:\/\/babycool.ee\/eng\/wp-json\/wp\/v2\/users\/3"}],"replies":[{"embeddable":true,"href":"https:\/\/babycool.ee\/eng\/wp-json\/wp\/v2\/comments?post=6219"}],"version-history":[{"count":5,"href":"https:\/\/babycool.ee\/eng\/wp-json\/wp\/v2\/pages\/6219\/revisions"}],"predecessor-version":[{"id":731317,"href":"https:\/\/babycool.ee\/eng\/wp-json\/wp\/v2\/pages\/6219\/revisions\/731317"}],"wp:attachment":[{"href":"https:\/\/babycool.ee\/eng\/wp-json\/wp\/v2\/media?parent=6219"}],"curies":[{"name":"wp","href":"https:\/\/api.w.org\/{rel}","templated":true}]}}